{"id":19435,"date":"2022-03-25T09:32:25","date_gmt":"2022-03-25T09:32:25","guid":{"rendered":"https:\/\/convar.ro\/hu\/?page_id=19435"},"modified":"2022-05-13T08:51:22","modified_gmt":"2022-05-13T08:51:22","slug":"utcasepro-tuchel-profi-champ","status":"publish","type":"page","link":"https:\/\/convar.ro\/hu\/utcasepro-tuchel-profi-champ","title":{"rendered":"Utcasepr\u0151 TUCHEL PROFI CHAMP"},"content":{"rendered":"\t\t<div data-elementor-type=\"wp-page\" data-elementor-id=\"19435\" class=\"elementor elementor-19435\" data-elementor-settings=\"[]\">\n\t\t\t\t\t\t<div class=\"elementor-inner\">\n\t\t\t\t\t\t\t<div class=\"elementor-section-wrap\">\n\t\t\t\t\t\t\t<section class=\"elementor-section elementor-top-section elementor-element elementor-element-9a5c1c5 elementor-section-boxed elementor-section-height-default elementor-section-height-default\" data-id=\"9a5c1c5\" data-element_type=\"section\" data-settings=\"{&quot;background_background&quot;:&quot;classic&quot;}\">\n\t\t\t\t\t\t<div class=\"elementor-container elementor-column-gap-default\">\n\t\t\t\t\t\t\t<div class=\"elementor-row\">\n\t\t\t\t\t<div class=\"elementor-column elementor-col-100 elementor-top-column elementor-element elementor-element-f34adad\" data-id=\"f34adad\" data-element_type=\"column\">\n\t\t\t<div class=\"elementor-column-wrap elementor-element-populated\">\n\t\t\t\t\t\t\t<div class=\"elementor-widget-wrap\">\n\t\t\t\t\t\t<div class=\"elementor-element elementor-element-9f5dafe elementor-widget elementor-widget-heading\" data-id=\"9f5dafe\" data-element_type=\"widget\" data-widget_type=\"heading.default\">\n\t\t\t\t<div class=\"elementor-widget-container\">\n\t\t\t<h1 class=\"elementor-heading-title elementor-size-default\">Utcasepr\u0151 TUCHEL PROFI CHAMP<\/h1>\t\t<\/div>\n\t\t\t\t<\/div>\n\t\t\t\t<div class=\"elementor-element elementor-element-d3c4bcf elementor-widget elementor-widget-image\" data-id=\"d3c4bcf\" data-element_type=\"widget\" data-widget_type=\"image.default\">\n\t\t\t\t<div class=\"elementor-widget-container\">\n\t\t\t\t\t\t\t\t<div class=\"elementor-image\">\n\t\t\t\t\t\t\t\t\t\t\t\t\t<a href=\"https:\/\/www.tuchel.com\/en\/\" target=\"_blank\">\n\t\t\t\t\t\t\t<img loading=\"lazy\" decoding=\"async\" width=\"192\" height=\"118\" src=\"https:\/\/convar.ro\/hu\/wp-content\/uploads\/2022\/05\/tuchel.png\" class=\"attachment-large size-large\" alt=\"\" srcset=\"https:\/\/convar.ro\/hu\/wp-content\/uploads\/2022\/05\/tuchel.png 192w, https:\/\/convar.ro\/hu\/wp-content\/uploads\/2022\/05\/tuchel-88x54.png 88w, https:\/\/convar.ro\/hu\/wp-content\/uploads\/2022\/05\/tuchel-64x39.png 64w\" sizes=\"auto, (max-width: 192px) 100vw, 192px\" \/>\t\t\t\t\t\t\t\t<\/a>\n\t\t\t\t\t\t\t\t\t\t\t\t\t\t<\/div>\n\t\t\t\t\t\t<\/div>\n\t\t\t\t<\/div>\n\t\t\t\t\t\t<\/div>\n\t\t\t\t\t<\/div>\n\t\t<\/div>\n\t\t\t\t\t\t\t\t<\/div>\n\t\t\t\t\t<\/div>\n\t\t<\/section>\n\t\t\t\t<section class=\"elementor-section elementor-top-section elementor-element elementor-element-52679b8 elementor-section-boxed elementor-section-height-default elementor-section-height-default\" data-id=\"52679b8\" data-element_type=\"section\">\n\t\t\t\t\t\t<div class=\"elementor-container elementor-column-gap-default\">\n\t\t\t\t\t\t\t<div class=\"elementor-row\">\n\t\t\t\t\t<div class=\"elementor-column elementor-col-100 elementor-top-column elementor-element elementor-element-33242f6\" data-id=\"33242f6\" data-element_type=\"column\">\n\t\t\t<div class=\"elementor-column-wrap elementor-element-populated\">\n\t\t\t\t\t\t\t<div class=\"elementor-widget-wrap\">\n\t\t\t\t\t\t<div class=\"elementor-element elementor-element-4776e84 elementor-widget elementor-widget-gallery\" data-id=\"4776e84\" data-element_type=\"widget\" data-settings=\"{&quot;gallery_layout&quot;:&quot;justified&quot;,&quot;ideal_row_height&quot;:{&quot;unit&quot;:&quot;px&quot;,&quot;size&quot;:311,&quot;sizes&quot;:[]},&quot;ideal_row_height_tablet&quot;:{&quot;unit&quot;:&quot;px&quot;,&quot;size&quot;:150,&quot;sizes&quot;:[]},&quot;ideal_row_height_mobile&quot;:{&quot;unit&quot;:&quot;px&quot;,&quot;size&quot;:150,&quot;sizes&quot;:[]},&quot;gap&quot;:{&quot;unit&quot;:&quot;px&quot;,&quot;size&quot;:10,&quot;sizes&quot;:[]},&quot;gap_tablet&quot;:{&quot;unit&quot;:&quot;px&quot;,&quot;size&quot;:10,&quot;sizes&quot;:[]},&quot;gap_mobile&quot;:{&quot;unit&quot;:&quot;px&quot;,&quot;size&quot;:10,&quot;sizes&quot;:[]},&quot;link_to&quot;:&quot;file&quot;,&quot;overlay_background&quot;:&quot;yes&quot;,&quot;content_hover_animation&quot;:&quot;fade-in&quot;}\" data-widget_type=\"gallery.default\">\n\t\t\t\t<div class=\"elementor-widget-container\">\n\t\t\t\t\t<div class=\"elementor-gallery__container\">\n\t\t\t\t\t\t\t<a class=\"e-gallery-item elementor-gallery-item elementor-animated-content\" href=\"https:\/\/convar.ro\/hu\/wp-content\/uploads\/2022\/03\/Profi-Champ1-1.jpg\" data-elementor-open-lightbox=\"yes\" data-elementor-lightbox-slideshow=\"all-4776e84\" data-elementor-lightbox-title=\"SONY DSC\">\n\t\t\t\t\t<div class=\"e-gallery-image elementor-gallery-item__image\" data-thumbnail=\"https:\/\/convar.ro\/hu\/wp-content\/uploads\/2022\/03\/Profi-Champ1-1.jpg\" data-width=\"1155\" data-height=\"768\" alt=\"\" ><\/div>\n\t\t\t\t\t\t\t\t\t\t\t<div class=\"elementor-gallery-item__overlay\"><\/div>\n\t\t\t\t\t\t\t\t\t\t\t\t\t\t<\/a>\n\t\t\t\t\t\t\t<a class=\"e-gallery-item elementor-gallery-item elementor-animated-content\" href=\"https:\/\/convar.ro\/hu\/wp-content\/uploads\/2022\/05\/Profi-Champ_AKTUELL-1.jpg\" data-elementor-open-lightbox=\"yes\" data-elementor-lightbox-slideshow=\"all-4776e84\" data-elementor-lightbox-title=\"Profi-Champ_AKTUELL-1\">\n\t\t\t\t\t<div class=\"e-gallery-image elementor-gallery-item__image\" data-thumbnail=\"https:\/\/convar.ro\/hu\/wp-content\/uploads\/2022\/05\/Profi-Champ_AKTUELL-1.jpg\" data-width=\"1920\" data-height=\"600\" alt=\"\" ><\/div>\n\t\t\t\t\t\t\t\t\t\t\t<div class=\"elementor-gallery-item__overlay\"><\/div>\n\t\t\t\t\t\t\t\t\t\t\t\t\t\t<\/a>\n\t\t\t\t\t\t\t<a class=\"e-gallery-item elementor-gallery-item elementor-animated-content\" href=\"https:\/\/convar.ro\/hu\/wp-content\/uploads\/2022\/05\/DSC00580-1.jpg\" data-elementor-open-lightbox=\"yes\" data-elementor-lightbox-slideshow=\"all-4776e84\" data-elementor-lightbox-title=\"DSC00580-1\">\n\t\t\t\t\t<div class=\"e-gallery-image elementor-gallery-item__image\" data-thumbnail=\"https:\/\/convar.ro\/hu\/wp-content\/uploads\/2022\/05\/DSC00580-1.jpg\" data-width=\"1920\" data-height=\"600\" alt=\"\" ><\/div>\n\t\t\t\t\t\t\t\t\t\t\t<div class=\"elementor-gallery-item__overlay\"><\/div>\n\t\t\t\t\t\t\t\t\t\t\t\t\t\t<\/a>\n\t\t\t\t\t<\/div>\n\t\t\t<\/div>\n\t\t\t\t<\/div>\n\t\t\t\t\t\t<\/div>\n\t\t\t\t\t<\/div>\n\t\t<\/div>\n\t\t\t\t\t\t\t\t<\/div>\n\t\t\t\t\t<\/div>\n\t\t<\/section>\n\t\t\t\t<section class=\"elementor-section elementor-top-section elementor-element elementor-element-b24ca6b elementor-section-boxed elementor-section-height-default elementor-section-height-default\" data-id=\"b24ca6b\" data-element_type=\"section\">\n\t\t\t\t\t\t<div class=\"elementor-container elementor-column-gap-default\">\n\t\t\t\t\t\t\t<div class=\"elementor-row\">\n\t\t\t\t\t<div class=\"elementor-column elementor-col-33 elementor-top-column elementor-element elementor-element-0fe6016\" data-id=\"0fe6016\" data-element_type=\"column\">\n\t\t\t<div class=\"elementor-column-wrap\">\n\t\t\t\t\t\t\t<div class=\"elementor-widget-wrap\">\n\t\t\t\t\t\t\t\t<\/div>\n\t\t\t\t\t<\/div>\n\t\t<\/div>\n\t\t\t\t<div class=\"elementor-column elementor-col-33 elementor-top-column elementor-element elementor-element-98432a4\" data-id=\"98432a4\" data-element_type=\"column\" data-settings=\"{&quot;background_background&quot;:&quot;classic&quot;}\">\n\t\t\t<div class=\"elementor-column-wrap elementor-element-populated\">\n\t\t\t\t\t\t\t<div class=\"elementor-widget-wrap\">\n\t\t\t\t\t\t<div class=\"elementor-element elementor-element-613ae3e elementor-aspect-ratio-169 elementor-widget elementor-widget-video\" data-id=\"613ae3e\" data-element_type=\"widget\" data-settings=\"{&quot;youtube_url&quot;:&quot;https:\\\/\\\/www.youtube.com\\\/watch?v=omRxhla_T_c&quot;,&quot;modestbranding&quot;:&quot;yes&quot;,&quot;yt_privacy&quot;:&quot;yes&quot;,&quot;video_type&quot;:&quot;youtube&quot;,&quot;controls&quot;:&quot;yes&quot;,&quot;aspect_ratio&quot;:&quot;169&quot;}\" data-widget_type=\"video.default\">\n\t\t\t\t<div class=\"elementor-widget-container\">\n\t\t\t\t\t<div class=\"elementor-wrapper elementor-fit-aspect-ratio elementor-open-inline\">\n\t\t\t<div class=\"elementor-video\"><\/div>\t\t<\/div>\n\t\t\t\t<\/div>\n\t\t\t\t<\/div>\n\t\t\t\t\t\t<\/div>\n\t\t\t\t\t<\/div>\n\t\t<\/div>\n\t\t\t\t<div class=\"elementor-column elementor-col-33 elementor-top-column elementor-element elementor-element-37a1f99\" data-id=\"37a1f99\" data-element_type=\"column\">\n\t\t\t<div class=\"elementor-column-wrap\">\n\t\t\t\t\t\t\t<div class=\"elementor-widget-wrap\">\n\t\t\t\t\t\t\t\t<\/div>\n\t\t\t\t\t<\/div>\n\t\t<\/div>\n\t\t\t\t\t\t\t\t<\/div>\n\t\t\t\t\t<\/div>\n\t\t<\/section>\n\t\t\t\t<section class=\"elementor-section elementor-top-section elementor-element elementor-element-4ea6d02 elementor-section-boxed elementor-section-height-default elementor-section-height-default\" data-id=\"4ea6d02\" data-element_type=\"section\" data-settings=\"{&quot;background_background&quot;:&quot;classic&quot;}\">\n\t\t\t\t\t\t<div class=\"elementor-container elementor-column-gap-default\">\n\t\t\t\t\t\t\t<div class=\"elementor-row\">\n\t\t\t\t\t<div class=\"elementor-column elementor-col-50 elementor-top-column elementor-element elementor-element-7f9107e\" data-id=\"7f9107e\" data-element_type=\"column\">\n\t\t\t<div class=\"elementor-column-wrap elementor-element-populated\">\n\t\t\t\t\t\t\t<div class=\"elementor-widget-wrap\">\n\t\t\t\t\t\t<section class=\"elementor-section elementor-inner-section elementor-element elementor-element-c54ebf8 elementor-section-boxed elementor-section-height-default elementor-section-height-default\" data-id=\"c54ebf8\" data-element_type=\"section\">\n\t\t\t\t\t\t<div class=\"elementor-container elementor-column-gap-default\">\n\t\t\t\t\t\t\t<div class=\"elementor-row\">\n\t\t\t\t\t<div class=\"elementor-column elementor-col-100 elementor-inner-column elementor-element elementor-element-b07c3a4\" data-id=\"b07c3a4\" data-element_type=\"column\">\n\t\t\t<div class=\"elementor-column-wrap elementor-element-populated\">\n\t\t\t\t\t\t\t<div class=\"elementor-widget-wrap\">\n\t\t\t\t\t\t<div class=\"elementor-element elementor-element-6d2dc2d elementor-widget elementor-widget-text-editor\" data-id=\"6d2dc2d\" data-element_type=\"widget\" data-widget_type=\"text-editor.default\">\n\t\t\t\t<div class=\"elementor-widget-container\">\n\t\t\t\t\t\t\t\t<div class=\"elementor-text-editor elementor-clearfix\">\n\t\t\t\t<p><strong>MUNKASZ\u00c9LESS\u00c9GEK<\/strong>: 240 \/ 280<\/p><p><strong>ALKALMAZHAT\u00d3:<\/strong><\/p><p>TRAKTOR<br \/>markol\u00f3g\u00e9p<br \/>ELS\u0150 RAKOD\u00d3<br \/>UNIMOG<br \/>KAMION<br \/>DIN76060 ELS\u0150 LEMEZ (UNIMOG, TRUCK, MULTICAR stb.)<\/p><p><strong>Alapfelszerel\u00e9s:<\/strong><\/p><p>100% PPL m\u0171anyag kefegy\u0171r\u0171k k\u00fcls\u0151 \u00d8 750mm-rel;<br \/>a kefe kop\u00e1s\u00e1nak be\u00e1ll\u00edt\u00e1sa k\u00e9t oldalkarral (13 poz\u00edci\u00f3);<br \/>ferde tengely be\u00e1ll\u00edt\u00e1si helyzet, amely biztos\u00edtja az \u00e1lland\u00f3 t\u00e1vols\u00e1got a kefegy\u0171r\u0171k \u00e9s az eloszt\u00f3 k\u00f6z\u00f6tt (ha van eloszt\u00f3val);<br \/>mechanikus oldal\u00e1ll\u00edt\u00f3 \/ billen\u0151 rendszer;<br \/>diszperzi\u00f3 elleni v\u00e9delem;<br \/>kefetengely meghajt\u00e1s bels\u0151 hidromotorral;<br \/>ipari t\u00e1maszt\u00f3kerekek 405 x 110 mm;<br \/>sz\u00edn RAL 2004 (narancs).<\/p>\t\t\t\t\t<\/div>\n\t\t\t\t\t\t<\/div>\n\t\t\t\t<\/div>\n\t\t\t\t\t\t<\/div>\n\t\t\t\t\t<\/div>\n\t\t<\/div>\n\t\t\t\t\t\t\t\t<\/div>\n\t\t\t\t\t<\/div>\n\t\t<\/section>\n\t\t\t\t\t\t<\/div>\n\t\t\t\t\t<\/div>\n\t\t<\/div>\n\t\t\t\t<div class=\"elementor-column elementor-col-50 elementor-top-column elementor-element elementor-element-50d6839\" data-id=\"50d6839\" data-element_type=\"column\">\n\t\t\t<div class=\"elementor-column-wrap elementor-element-populated\">\n\t\t\t\t\t\t\t<div class=\"elementor-widget-wrap\">\n\t\t\t\t\t\t<section class=\"elementor-section elementor-inner-section elementor-element elementor-element-89e5116 elementor-section-boxed elementor-section-height-default elementor-section-height-default\" data-id=\"89e5116\" data-element_type=\"section\">\n\t\t\t\t\t\t<div class=\"elementor-container elementor-column-gap-default\">\n\t\t\t\t\t\t\t<div class=\"elementor-row\">\n\t\t\t\t\t<div class=\"elementor-column elementor-col-100 elementor-inner-column elementor-element elementor-element-bf4612c\" data-id=\"bf4612c\" data-element_type=\"column\">\n\t\t\t<div class=\"elementor-column-wrap elementor-element-populated\">\n\t\t\t\t\t\t\t<div class=\"elementor-widget-wrap\">\n\t\t\t\t\t\t<div class=\"elementor-element elementor-element-33c9836 elementor-widget elementor-widget-text-editor\" data-id=\"33c9836\" data-element_type=\"widget\" data-widget_type=\"text-editor.default\">\n\t\t\t\t<div class=\"elementor-widget-container\">\n\t\t\t\t\t\t\t\t<div class=\"elementor-text-editor elementor-clearfix\">\n\t\t\t\t<h4 data-fontsize=\"15\" data-lineheight=\"20\">Tippek \u00fatsepr\u0151 v\u00e1s\u00e1rl\u00e1s\u00e1hoz:<\/h4><p>Utcasepr\u0151g\u00e9p v\u00e1s\u00e1rl\u00e1sakor \u00fcgyeljen arra, hogy a berendez\u00e9s a k\u00f6vetkez\u0151 tulajdons\u00e1gokkal rendelkezik-e:<\/p><ul><li>t\u00e1maszt\u00f3 kerekek;<\/li><li>f\u00fcgg\u0151leges lebeg\u0151rendszer;<\/li><li>keresztir\u00e1ny\u00fa billen\u0151rendszer;<\/li><li>kefekop\u00e1s be\u00e1ll\u00edt\u00f3 rendszer a lehet\u0151 legt\u00f6bb poz\u00edci\u00f3ban \u00e9s ferde helyzetben.<\/li><\/ul><p>A fenti tulajdons\u00e1gok hi\u00e1ny\u00e1ban hossz\u00fa t\u00e1von bebizonyosodik, hogy nagyon dr\u00e1ga sepr\u0151g\u00e9pet v\u00e1s\u00e1rolt. Ha a sepr\u0151g\u00e9p rendelkezik a fent felsorolt adotts\u00e1gokkal, elmondhatja, hogy olcs\u00f3 sepr\u0151g\u00e9pet v\u00e1s\u00e1rolt. Az a sepr\u0151g\u00e9p, aki\u00e9rt alacsony v\u00e9tel\u00e1rat fizetett, csak l\u00e1tsz\u00f3lag olcs\u00f3! Igaz\u00e1n olcs\u00f3 az a sepr\u0151g\u00e9p, ahol a lehet\u0151 legritk\u00e1bban kell cser\u00e9lni a kell\u00e9keket. A gy\u0171r\u0171k vagy a dob kop\u00e1si idej\u00e9t a fent eml\u00edtett jellemz\u0151k hat\u00e1rozz\u00e1k meg, amelyekhez ragaszkodhatunk.<\/p><p><strong>A sepr\u0151g\u00e9pre gyakorolt hat\u00e1s:<\/strong><\/p><ul><li>Tart\u00f3kerekek hi\u00e1nya = a kefesz\u00e1lak r\u00f6videbb id\u0151 alatt elhaszn\u00e1l\u00f3dnak!<\/li><\/ul><p>\u00c1ltal\u00e1ban az \u00e9rlel\u00e9s sor\u00e1n az ecsetsz\u00e1lak &#8220;fekszenek&#8221; a talajon olyan hossz\u00fas\u00e1gban, amely nem haladhatja meg az 1 cm-t. Tart\u00f3kerekek hi\u00e1ny\u00e1ban a sepr\u0151g\u00e9p s\u00faly\u00e1t k\u00f6zvetlen\u00fcl a kefesz\u00e1lak viselik; emiatt a f\u00f6ld\u00f6n fekv\u0151 sz\u00e1lak hossza meghaladja az 1 cm-t \u00e9s az ecset elhaszn\u00e1l\u00f3dik.<\/p><ul><li>F\u00fcgg\u0151leges \u00fasz\u00f3rendszer hi\u00e1nya = a tart\u00f3kerekek s\u00e9r\u00fcl\u00e9se \u00e9s a kefesz\u00e1lak gyors kop\u00e1sa!<\/li><\/ul><p>A f\u00fcgg\u0151leges lebeg\u0151rendszer seg\u00edts\u00e9g\u00e9vel a berendez\u00e9s \u201elem\u00e1solja\u201d az utat a teherhord\u00f3 g\u00e9pt\u0151l f\u00fcggetlen\u00fcl, amely nem nyomja meg a berendez\u00e9st, \u00e9s implicit m\u00f3don a t\u00e1maszt\u00f3kerekeket. Ellenkez\u0151 esetben a kefe a talajhoz nyom\u00f3dik, a kerekek megszorulnak \u00e9s gyorsabban kopnak vagy k\u00e1rosodnak.<\/p><ul><li>A keresztir\u00e1ny\u00fa billen\u0151rendszer hi\u00e1nya = aszimmetrikus kefekop\u00e1s!<\/li><\/ul><p>A keresztir\u00e1ny\u00fa billent\u00e9si rendszer lehet\u0151v\u00e9 teszi a sepr\u0151g\u00e9p sz\u00e1m\u00e1ra, hogy keresztir\u00e1nyban &#8220;lem\u00e1solja&#8221; a talajt, \u00e9s m\u00e9g az \u00fat sz\u00e9l\u00e9n felgy\u00fclemlett s\u00e1rt \u00e9s homokot is megtiszt\u00edtsa az aszimmetrikus kefekop\u00e1s vesz\u00e9lye n\u00e9lk\u00fcl. A keresztir\u00e1ny\u00fa billen\u0151rendszer hi\u00e1nya ak\u00e1r 60%-kal nagyobb kop\u00e1st okozhat a jobb oldalon, \u00e9s lehetetlenn\u00e9 v\u00e1lik a kefe haszn\u00e1lata.<\/p><ul><li><strong>T\u00f6bb be\u00e1ll\u00edt\u00e1si poz\u00edci\u00f3 = pontoss\u00e1g \u00e9s finoms\u00e1g a kefem\u0171k\u00f6d\u00e9sben; megn\u00f6velt \u00e9letk\u00e9pess\u00e9g a kefegy\u0171r\u0171kn\u00e9l!<\/strong><\/li><\/ul><ul><li><strong>Ferde tengely be\u00e1ll\u00edt\u00e1sa = \u00e1lland\u00f3 t\u00e1vols\u00e1g a kefegy\u0171r\u0171k \u00e9s az eloszt\u00f3cs\u0151 k\u00f6z\u00f6tt (ha van eloszt\u00f3val); a szennyez\u0151d\u00e9sek hat\u00e9konyabb \u00f6sszegy\u0171jt\u00e9s\u00e9nek biztos\u00edt\u00e1sa a kefegy\u0171r\u0171k kop\u00e1si k\u00f6r\u00fclm\u00e9nyei k\u00f6z\u00f6tt<\/strong><\/li><\/ul>\t\t\t\t\t<\/div>\n\t\t\t\t\t\t<\/div>\n\t\t\t\t<\/div>\n\t\t\t\t\t\t<\/div>\n\t\t\t\t\t<\/div>\n\t\t<\/div>\n\t\t\t\t\t\t\t\t<\/div>\n\t\t\t\t\t<\/div>\n\t\t<\/section>\n\t\t\t\t\t\t<\/div>\n\t\t\t\t\t<\/div>\n\t\t<\/div>\n\t\t\t\t\t\t\t\t<\/div>\n\t\t\t\t\t<\/div>\n\t\t<\/section>\n\t\t\t\t<section class=\"elementor-section elementor-top-section elementor-element elementor-element-3bbcde2 elementor-section-boxed elementor-section-height-default elementor-section-height-default\" data-id=\"3bbcde2\" data-element_type=\"section\">\n\t\t\t\t\t\t<div class=\"elementor-container elementor-column-gap-default\">\n\t\t\t\t\t\t\t<div class=\"elementor-row\">\n\t\t\t\t\t<div class=\"elementor-column elementor-col-33 elementor-top-column elementor-element elementor-element-402998a elementor-hidden-tablet elementor-hidden-mobile\" data-id=\"402998a\" data-element_type=\"column\">\n\t\t\t<div class=\"elementor-column-wrap\">\n\t\t\t\t\t\t\t<div class=\"elementor-widget-wrap\">\n\t\t\t\t\t\t\t\t<\/div>\n\t\t\t\t\t<\/div>\n\t\t<\/div>\n\t\t\t\t<div class=\"elementor-column elementor-col-33 elementor-top-column elementor-element elementor-element-b434979\" data-id=\"b434979\" data-element_type=\"column\">\n\t\t\t<div class=\"elementor-column-wrap elementor-element-populated\">\n\t\t\t\t\t\t\t<div class=\"elementor-widget-wrap\">\n\t\t\t\t\t\t<div class=\"elementor-element elementor-element-db24b45 elementor-widget elementor-widget-heading\" data-id=\"db24b45\" data-element_type=\"widget\" data-widget_type=\"heading.default\">\n\t\t\t\t<div class=\"elementor-widget-container\">\n\t\t\t<h1 class=\"elementor-heading-title elementor-size-default\">K\u00e9rjen aj\u00e1nlatot<\/h1>\t\t<\/div>\n\t\t\t\t<\/div>\n\t\t\t\t<div class=\"elementor-element elementor-element-28e8708 elementor-widget-divider--view-line elementor-widget elementor-widget-divider\" data-id=\"28e8708\" data-element_type=\"widget\" data-widget_type=\"divider.default\">\n\t\t\t\t<div class=\"elementor-widget-container\">\n\t\t\t\t\t<div class=\"elementor-divider\">\n\t\t\t<span class=\"elementor-divider-separator\">\n\t\t\t\t\t\t<\/span>\n\t\t<\/div>\n\t\t\t\t<\/div>\n\t\t\t\t<\/div>\n\t\t\t\t<div class=\"elementor-element elementor-element-021099e elementor-button-align-stretch elementor-widget elementor-widget-form\" data-id=\"021099e\" data-element_type=\"widget\" data-settings=\"{&quot;step_next_label&quot;:&quot;Next&quot;,&quot;step_previous_label&quot;:&quot;Previous&quot;,&quot;button_width&quot;:&quot;100&quot;,&quot;step_type&quot;:&quot;number_text&quot;,&quot;step_icon_shape&quot;:&quot;circle&quot;}\" data-widget_type=\"form.default\">\n\t\t\t\t<div class=\"elementor-widget-container\">\n\t\t\t\t\t<form class=\"elementor-form\" method=\"post\" name=\"New Form\">\n\t\t\t<input type=\"hidden\" name=\"post_id\" value=\"19435\"\/>\n\t\t\t<input type=\"hidden\" name=\"form_id\" value=\"021099e\"\/>\n\t\t\t<input type=\"hidden\" name=\"referer_title\" value=\"\" \/>\n\n\t\t\t\n\t\t\t<div class=\"elementor-form-fields-wrapper elementor-labels-above\">\n\t\t\t\t\t\t\t\t<div class=\"elementor-field-type-text elementor-field-group elementor-column elementor-field-group-name elementor-col-100\">\n\t\t\t\t\t\t\t\t\t\t\t\t\t<input size=\"1\" type=\"text\" name=\"form_fields[name]\" id=\"form-field-name\" class=\"elementor-field elementor-size-sm  elementor-field-textual\" placeholder=\"N\u00e9v\">\n\t\t\t\t\t\t\t\t\t\t\t<\/div>\n\t\t\t\t\t\t\t\t<div class=\"elementor-field-type-tel elementor-field-group elementor-column elementor-field-group-field_c8f943f elementor-col-100 elementor-field-required\">\n\t\t\t\t\t\t\t<input size=\"1\" type=\"tel\" name=\"form_fields[field_c8f943f]\" id=\"form-field-field_c8f943f\" class=\"elementor-field elementor-size-sm  elementor-field-textual\" placeholder=\"Telefon\" required=\"required\" aria-required=\"true\" pattern=\"[0-9()#&amp;+*-=.]+\" title=\"Only numbers and phone characters (#, -, *, etc) are accepted.\">\n\n\t\t\t\t\t\t<\/div>\n\t\t\t\t\t\t\t\t<div class=\"elementor-field-type-email elementor-field-group elementor-column elementor-field-group-email elementor-col-100 elementor-field-required\">\n\t\t\t\t\t\t\t\t\t\t\t\t\t<input size=\"1\" type=\"email\" name=\"form_fields[email]\" id=\"form-field-email\" class=\"elementor-field elementor-size-sm  elementor-field-textual\" placeholder=\"Email\" required=\"required\" aria-required=\"true\">\n\t\t\t\t\t\t\t\t\t\t\t<\/div>\n\t\t\t\t\t\t\t\t<div class=\"elementor-field-type-textarea elementor-field-group elementor-column elementor-field-group-message elementor-col-100\">\n\t\t\t\t\t<textarea class=\"elementor-field-textual elementor-field  elementor-size-sm\" name=\"form_fields[message]\" id=\"form-field-message\" rows=\"4\" placeholder=\"\u00dczenet\"><\/textarea>\t\t\t\t<\/div>\n\t\t\t\t\t\t\t\t<div class=\"elementor-field-type-acceptance elementor-field-group elementor-column elementor-field-group-field_0ca036b elementor-col-100 elementor-field-required\">\n\t\t\t\t\t\t\t<div class=\"elementor-field-subgroup\">\n\t\t\t<span class=\"elementor-field-option\">\n\t\t\t\t<input type=\"checkbox\" name=\"form_fields[field_0ca036b]\" id=\"form-field-field_0ca036b\" class=\"elementor-field elementor-size-sm  elementor-acceptance-field\" required=\"required\" aria-required=\"true\">\n\t\t\t\t<label for=\"form-field-field_0ca036b\">Fogadja el a convar.ro weboldal feldolgoz\u00e1si felt\u00e9teleit<\/label>\t\t\t<\/span>\n\t\t<\/div>\n\t\t\t\t\t\t<\/div>\n\t\t\t\t\t\t\t\t<div class=\"elementor-field-group elementor-column elementor-field-type-submit elementor-col-100 e-form__buttons\">\n\t\t\t\t\t<button type=\"submit\" class=\"elementor-button elementor-size-md\">\n\t\t\t\t\t\t<span >\n\t\t\t\t\t\t\t\t\t\t\t\t\t\t\t<span class=\" elementor-button-icon\">\n\t\t\t\t\t\t\t\t\t\t\t\t\t\t\t\t\t\t\t\t\t\t\t\t\t\t<\/span>\n\t\t\t\t\t\t\t\t\t\t\t\t\t\t\t\t\t\t\t\t\t\t<span class=\"elementor-button-text\">K\u00fcldje el a k\u00e9r\u00e9st<\/span>\n\t\t\t\t\t\t\t\t\t\t\t\t\t<\/span>\n\t\t\t\t\t<\/button>\n\t\t\t\t<\/div>\n\t\t\t<\/div>\n\t\t<\/form>\n\t\t\t\t<\/div>\n\t\t\t\t<\/div>\n\t\t\t\t\t\t<\/div>\n\t\t\t\t\t<\/div>\n\t\t<\/div>\n\t\t\t\t<div class=\"elementor-column elementor-col-33 elementor-top-column elementor-element elementor-element-bde1eb2\" data-id=\"bde1eb2\" data-element_type=\"column\">\n\t\t\t<div class=\"elementor-column-wrap\">\n\t\t\t\t\t\t\t<div class=\"elementor-widget-wrap\">\n\t\t\t\t\t\t\t\t<\/div>\n\t\t\t\t\t<\/div>\n\t\t<\/div>\n\t\t\t\t\t\t\t\t<\/div>\n\t\t\t\t\t<\/div>\n\t\t<\/section>\n\t\t\t\t\t\t<\/div>\n\t\t\t\t\t\t<\/div>\n\t\t\t\t\t<\/div>\n\t\t","protected":false},"excerpt":{"rendered":"<p>Utcasepr\u0151 TUCHEL PROFI CHAMP https:\/\/www.youtube.com\/watch?v=omRxhla_T_c MUNKASZ\u00c9LESS\u00c9GEK: 240 \/ 280 ALKALMAZHAT\u00d3: TRAKTORmarkol\u00f3g\u00e9pELS\u0150 RAKOD\u00d3UNIMOGKAMIONDIN76060 ELS\u0150 LEMEZ (UNIMOG, TRUCK, MULTICAR stb.) Alapfelszerel\u00e9s: 100% PPL m\u0171anyag kefegy\u0171r\u0171k k\u00fcls\u0151 \u00d8 750mm-rel;a kefe kop\u00e1s\u00e1nak be\u00e1ll\u00edt\u00e1sa k\u00e9t oldalkarral (13 poz\u00edci\u00f3);ferde tengely be\u00e1ll\u00edt\u00e1si helyzet, amely biztos\u00edtja az \u00e1lland\u00f3 t\u00e1vols\u00e1got a kefegy\u0171r\u0171k \u00e9s az eloszt\u00f3 k\u00f6z\u00f6tt (ha van eloszt\u00f3val);mechanikus oldal\u00e1ll\u00edt\u00f3 \/ billen\u0151 rendszer;diszperzi\u00f3 elleni<\/p>\n<div class=\"klb-readmore entry-button\"><a class=\"button\" href=\"https:\/\/convar.ro\/hu\/utcasepro-tuchel-profi-champ\">Read More<\/a><\/div>\n","protected":false},"author":1,"featured_media":0,"parent":0,"menu_order":0,"comment_status":"closed","ping_status":"closed","template":"","meta":{"footnotes":""},"class_list":["post-19435","page","type-page","status-publish","hentry"],"_links":{"self":[{"href":"https:\/\/convar.ro\/hu\/wp-json\/wp\/v2\/pages\/19435","targetHints":{"allow":["GET"]}}],"collection":[{"href":"https:\/\/convar.ro\/hu\/wp-json\/wp\/v2\/pages"}],"about":[{"href":"https:\/\/convar.ro\/hu\/wp-json\/wp\/v2\/types\/page"}],"author":[{"embeddable":true,"href":"https:\/\/convar.ro\/hu\/wp-json\/wp\/v2\/users\/1"}],"replies":[{"embeddable":true,"href":"https:\/\/convar.ro\/hu\/wp-json\/wp\/v2\/comments?post=19435"}],"version-history":[{"count":28,"href":"https:\/\/convar.ro\/hu\/wp-json\/wp\/v2\/pages\/19435\/revisions"}],"predecessor-version":[{"id":21199,"href":"https:\/\/convar.ro\/hu\/wp-json\/wp\/v2\/pages\/19435\/revisions\/21199"}],"wp:attachment":[{"href":"https:\/\/convar.ro\/hu\/wp-json\/wp\/v2\/media?parent=19435"}],"curies":[{"name":"wp","href":"https:\/\/api.w.org\/{rel}","templated":true}]}}