{"id":19308,"date":"2022-03-25T08:42:52","date_gmt":"2022-03-25T08:42:52","guid":{"rendered":"https:\/\/convar.ro\/hu\/?page_id=19308"},"modified":"2022-05-13T08:58:02","modified_gmt":"2022-05-13T08:58:02","slug":"utseprok","status":"publish","type":"page","link":"https:\/\/convar.ro\/hu\/utseprok","title":{"rendered":"\u00daTSEPR\u0150K"},"content":{"rendered":"\t\t<div data-elementor-type=\"wp-page\" data-elementor-id=\"19308\" class=\"elementor elementor-19308\" data-elementor-settings=\"[]\">\n\t\t\t\t\t\t<div class=\"elementor-inner\">\n\t\t\t\t\t\t\t<div class=\"elementor-section-wrap\">\n\t\t\t\t\t\t\t<section class=\"elementor-section elementor-top-section elementor-element elementor-element-9a5c1c5 elementor-section-boxed elementor-section-height-default elementor-section-height-default\" data-id=\"9a5c1c5\" data-element_type=\"section\" data-settings=\"{&quot;background_background&quot;:&quot;classic&quot;}\">\n\t\t\t\t\t\t<div class=\"elementor-container elementor-column-gap-default\">\n\t\t\t\t\t\t\t<div class=\"elementor-row\">\n\t\t\t\t\t<div class=\"elementor-column elementor-col-100 elementor-top-column elementor-element elementor-element-f34adad\" data-id=\"f34adad\" data-element_type=\"column\">\n\t\t\t<div class=\"elementor-column-wrap elementor-element-populated\">\n\t\t\t\t\t\t\t<div class=\"elementor-widget-wrap\">\n\t\t\t\t\t\t<div class=\"elementor-element elementor-element-9f5dafe elementor-widget elementor-widget-heading\" data-id=\"9f5dafe\" data-element_type=\"widget\" data-widget_type=\"heading.default\">\n\t\t\t\t<div class=\"elementor-widget-container\">\n\t\t\t<h1 class=\"elementor-heading-title elementor-size-default\">\u00daTSEPR\u0150K<\/h1>\t\t<\/div>\n\t\t\t\t<\/div>\n\t\t\t\t\t\t<\/div>\n\t\t\t\t\t<\/div>\n\t\t<\/div>\n\t\t\t\t\t\t\t\t<\/div>\n\t\t\t\t\t<\/div>\n\t\t<\/section>\n\t\t\t\t<section class=\"elementor-section elementor-top-section elementor-element elementor-element-2dfdf81 elementor-section-boxed elementor-section-height-default elementor-section-height-default\" data-id=\"2dfdf81\" data-element_type=\"section\" data-settings=\"{&quot;background_background&quot;:&quot;classic&quot;}\">\n\t\t\t\t\t\t<div class=\"elementor-container elementor-column-gap-default\">\n\t\t\t\t\t\t\t<div class=\"elementor-row\">\n\t\t\t\t\t<div class=\"elementor-column elementor-col-100 elementor-top-column elementor-element elementor-element-b000cb1\" data-id=\"b000cb1\" data-element_type=\"column\">\n\t\t\t<div class=\"elementor-column-wrap elementor-element-populated\">\n\t\t\t\t\t\t\t<div class=\"elementor-widget-wrap\">\n\t\t\t\t\t\t<section class=\"elementor-section elementor-inner-section elementor-element elementor-element-d0d3988 elementor-section-boxed elementor-section-height-default elementor-section-height-default\" data-id=\"d0d3988\" data-element_type=\"section\">\n\t\t\t\t\t\t<div class=\"elementor-container elementor-column-gap-default\">\n\t\t\t\t\t\t\t<div class=\"elementor-row\">\n\t\t\t\t\t<div class=\"elementor-column elementor-col-33 elementor-inner-column elementor-element elementor-element-56564a6\" data-id=\"56564a6\" data-element_type=\"column\" data-settings=\"{&quot;background_background&quot;:&quot;classic&quot;}\">\n\t\t\t<div class=\"elementor-column-wrap elementor-element-populated\">\n\t\t\t\t\t\t\t<div class=\"elementor-widget-wrap\">\n\t\t\t\t\t\t<div class=\"elementor-element elementor-element-aa09cc5 elementor-widget elementor-widget-image\" data-id=\"aa09cc5\" data-element_type=\"widget\" data-widget_type=\"image.default\">\n\t\t\t\t<div class=\"elementor-widget-container\">\n\t\t\t\t\t\t\t\t<div class=\"elementor-image\">\n\t\t\t\t\t\t\t\t\t\t\t\t<img loading=\"lazy\" decoding=\"async\" width=\"387\" height=\"291\" src=\"https:\/\/convar.ro\/hu\/wp-content\/uploads\/2022\/03\/1-2.jpg\" class=\"elementor-animation-grow attachment-large size-large\" alt=\"\" srcset=\"https:\/\/convar.ro\/hu\/wp-content\/uploads\/2022\/03\/1-2.jpg 387w, https:\/\/convar.ro\/hu\/wp-content\/uploads\/2022\/03\/1-2-300x226.jpg 300w, https:\/\/convar.ro\/hu\/wp-content\/uploads\/2022\/03\/1-2-72x54.jpg 72w, https:\/\/convar.ro\/hu\/wp-content\/uploads\/2022\/03\/1-2-64x48.jpg 64w\" sizes=\"auto, (max-width: 387px) 100vw, 387px\" \/>\t\t\t\t\t\t\t\t\t\t\t\t\t\t<\/div>\n\t\t\t\t\t\t<\/div>\n\t\t\t\t<\/div>\n\t\t\t\t<div class=\"elementor-element elementor-element-2cc579a elementor-widget elementor-widget-heading\" data-id=\"2cc579a\" data-element_type=\"widget\" data-widget_type=\"heading.default\">\n\t\t\t\t<div class=\"elementor-widget-container\">\n\t\t\t<p class=\"elementor-heading-title elementor-size-default\">Utcasepr\u0151<br> TUCHEL PLUS 590<\/p>\t\t<\/div>\n\t\t\t\t<\/div>\n\t\t\t\t<div class=\"elementor-element elementor-element-c480208 elementor-align-justify elementor-widget elementor-widget-button\" data-id=\"c480208\" data-element_type=\"widget\" data-widget_type=\"button.default\">\n\t\t\t\t<div class=\"elementor-widget-container\">\n\t\t\t\t\t<div class=\"elementor-button-wrapper\">\n\t\t\t<a href=\"https:\/\/convar.ro\/hu\/utcasepro-tuchel-plus-590\" class=\"elementor-button-link elementor-button elementor-size-md\" role=\"button\">\n\t\t\t\t\t\t<span class=\"elementor-button-content-wrapper\">\n\t\t\t\t\t\t<span class=\"elementor-button-text\">tudjon meg t\u00f6bbet<\/span>\n\t\t<\/span>\n\t\t\t\t\t<\/a>\n\t\t<\/div>\n\t\t\t\t<\/div>\n\t\t\t\t<\/div>\n\t\t\t\t\t\t<\/div>\n\t\t\t\t\t<\/div>\n\t\t<\/div>\n\t\t\t\t<div class=\"elementor-column elementor-col-33 elementor-inner-column elementor-element elementor-element-7895f32\" data-id=\"7895f32\" data-element_type=\"column\" data-settings=\"{&quot;background_background&quot;:&quot;classic&quot;}\">\n\t\t\t<div class=\"elementor-column-wrap elementor-element-populated\">\n\t\t\t\t\t\t\t<div class=\"elementor-widget-wrap\">\n\t\t\t\t\t\t<div class=\"elementor-element elementor-element-6eb617a elementor-widget elementor-widget-image\" data-id=\"6eb617a\" data-element_type=\"widget\" data-widget_type=\"image.default\">\n\t\t\t\t<div class=\"elementor-widget-container\">\n\t\t\t\t\t\t\t\t<div class=\"elementor-image\">\n\t\t\t\t\t\t\t\t\t\t\t\t<img loading=\"lazy\" decoding=\"async\" width=\"387\" height=\"291\" src=\"https:\/\/convar.ro\/hu\/wp-content\/uploads\/2022\/05\/1-2.jpg\" class=\"elementor-animation-grow attachment-large size-large\" alt=\"\" srcset=\"https:\/\/convar.ro\/hu\/wp-content\/uploads\/2022\/05\/1-2.jpg 387w, https:\/\/convar.ro\/hu\/wp-content\/uploads\/2022\/05\/1-2-300x226.jpg 300w, https:\/\/convar.ro\/hu\/wp-content\/uploads\/2022\/05\/1-2-72x54.jpg 72w, https:\/\/convar.ro\/hu\/wp-content\/uploads\/2022\/05\/1-2-64x48.jpg 64w\" sizes=\"auto, (max-width: 387px) 100vw, 387px\" \/>\t\t\t\t\t\t\t\t\t\t\t\t\t\t<\/div>\n\t\t\t\t\t\t<\/div>\n\t\t\t\t<\/div>\n\t\t\t\t<div class=\"elementor-element elementor-element-7d230ad elementor-widget elementor-widget-heading\" data-id=\"7d230ad\" data-element_type=\"widget\" data-widget_type=\"heading.default\">\n\t\t\t\t<div class=\"elementor-widget-container\">\n\t\t\t<p class=\"elementor-heading-title elementor-size-default\">Utcasepr\u0151<br> TUCHEL ECO PRO<\/p>\t\t<\/div>\n\t\t\t\t<\/div>\n\t\t\t\t<div class=\"elementor-element elementor-element-9b2a231 elementor-align-justify elementor-widget elementor-widget-button\" data-id=\"9b2a231\" data-element_type=\"widget\" data-widget_type=\"button.default\">\n\t\t\t\t<div class=\"elementor-widget-container\">\n\t\t\t\t\t<div class=\"elementor-button-wrapper\">\n\t\t\t<a href=\"https:\/\/convar.ro\/hu\/utcasepro-tuchel-eco-pro\" class=\"elementor-button-link elementor-button elementor-size-md\" role=\"button\">\n\t\t\t\t\t\t<span class=\"elementor-button-content-wrapper\">\n\t\t\t\t\t\t<span class=\"elementor-button-text\">tudjon meg t\u00f6bbet<\/span>\n\t\t<\/span>\n\t\t\t\t\t<\/a>\n\t\t<\/div>\n\t\t\t\t<\/div>\n\t\t\t\t<\/div>\n\t\t\t\t\t\t<\/div>\n\t\t\t\t\t<\/div>\n\t\t<\/div>\n\t\t\t\t<div class=\"elementor-column elementor-col-33 elementor-inner-column elementor-element elementor-element-713af52\" data-id=\"713af52\" data-element_type=\"column\" data-settings=\"{&quot;background_background&quot;:&quot;classic&quot;}\">\n\t\t\t<div class=\"elementor-column-wrap elementor-element-populated\">\n\t\t\t\t\t\t\t<div class=\"elementor-widget-wrap\">\n\t\t\t\t\t\t<div class=\"elementor-element elementor-element-73f46f3 elementor-widget elementor-widget-image\" data-id=\"73f46f3\" data-element_type=\"widget\" data-widget_type=\"image.default\">\n\t\t\t\t<div class=\"elementor-widget-container\">\n\t\t\t\t\t\t\t\t<div class=\"elementor-image\">\n\t\t\t\t\t\t\t\t\t\t\t\t<img loading=\"lazy\" decoding=\"async\" width=\"387\" height=\"291\" src=\"https:\/\/convar.ro\/hu\/wp-content\/uploads\/2022\/05\/1-2-1.jpg\" class=\"elementor-animation-grow attachment-large size-large\" alt=\"\" srcset=\"https:\/\/convar.ro\/hu\/wp-content\/uploads\/2022\/05\/1-2-1.jpg 387w, https:\/\/convar.ro\/hu\/wp-content\/uploads\/2022\/05\/1-2-1-300x226.jpg 300w, https:\/\/convar.ro\/hu\/wp-content\/uploads\/2022\/05\/1-2-1-72x54.jpg 72w, https:\/\/convar.ro\/hu\/wp-content\/uploads\/2022\/05\/1-2-1-64x48.jpg 64w\" sizes=\"auto, (max-width: 387px) 100vw, 387px\" \/>\t\t\t\t\t\t\t\t\t\t\t\t\t\t<\/div>\n\t\t\t\t\t\t<\/div>\n\t\t\t\t<\/div>\n\t\t\t\t<div class=\"elementor-element elementor-element-68e8acd elementor-widget elementor-widget-heading\" data-id=\"68e8acd\" data-element_type=\"widget\" data-widget_type=\"heading.default\">\n\t\t\t\t<div class=\"elementor-widget-container\">\n\t\t\t<p class=\"elementor-heading-title elementor-size-default\">Utcasepr\u0151<br> TUCHEL PROFI 660<\/p>\t\t<\/div>\n\t\t\t\t<\/div>\n\t\t\t\t<div class=\"elementor-element elementor-element-41e63cb elementor-align-justify elementor-widget elementor-widget-button\" data-id=\"41e63cb\" data-element_type=\"widget\" data-widget_type=\"button.default\">\n\t\t\t\t<div class=\"elementor-widget-container\">\n\t\t\t\t\t<div class=\"elementor-button-wrapper\">\n\t\t\t<a href=\"https:\/\/convar.ro\/hu\/utcasepro-tuchel-profi-660\" class=\"elementor-button-link elementor-button elementor-size-md\" role=\"button\">\n\t\t\t\t\t\t<span class=\"elementor-button-content-wrapper\">\n\t\t\t\t\t\t<span class=\"elementor-button-text\">tudjon meg t\u00f6bbet<\/span>\n\t\t<\/span>\n\t\t\t\t\t<\/a>\n\t\t<\/div>\n\t\t\t\t<\/div>\n\t\t\t\t<\/div>\n\t\t\t\t\t\t<\/div>\n\t\t\t\t\t<\/div>\n\t\t<\/div>\n\t\t\t\t\t\t\t\t<\/div>\n\t\t\t\t\t<\/div>\n\t\t<\/section>\n\t\t\t\t<section class=\"elementor-section elementor-inner-section elementor-element elementor-element-f360bbb elementor-section-boxed elementor-section-height-default elementor-section-height-default\" data-id=\"f360bbb\" data-element_type=\"section\">\n\t\t\t\t\t\t<div class=\"elementor-container elementor-column-gap-default\">\n\t\t\t\t\t\t\t<div class=\"elementor-row\">\n\t\t\t\t\t<div class=\"elementor-column elementor-col-33 elementor-inner-column elementor-element elementor-element-276c9b2\" data-id=\"276c9b2\" data-element_type=\"column\" data-settings=\"{&quot;background_background&quot;:&quot;classic&quot;}\">\n\t\t\t<div class=\"elementor-column-wrap elementor-element-populated\">\n\t\t\t\t\t\t\t<div class=\"elementor-widget-wrap\">\n\t\t\t\t\t\t<div class=\"elementor-element elementor-element-3b9307d elementor-widget elementor-widget-image\" data-id=\"3b9307d\" data-element_type=\"widget\" data-widget_type=\"image.default\">\n\t\t\t\t<div class=\"elementor-widget-container\">\n\t\t\t\t\t\t\t\t<div class=\"elementor-image\">\n\t\t\t\t\t\t\t\t\t\t\t\t<img loading=\"lazy\" decoding=\"async\" width=\"387\" height=\"291\" src=\"https:\/\/convar.ro\/hu\/wp-content\/uploads\/2022\/05\/1-2-2.jpg\" class=\"elementor-animation-grow attachment-large size-large\" alt=\"\" srcset=\"https:\/\/convar.ro\/hu\/wp-content\/uploads\/2022\/05\/1-2-2.jpg 387w, https:\/\/convar.ro\/hu\/wp-content\/uploads\/2022\/05\/1-2-2-300x226.jpg 300w, https:\/\/convar.ro\/hu\/wp-content\/uploads\/2022\/05\/1-2-2-72x54.jpg 72w, https:\/\/convar.ro\/hu\/wp-content\/uploads\/2022\/05\/1-2-2-64x48.jpg 64w\" sizes=\"auto, (max-width: 387px) 100vw, 387px\" \/>\t\t\t\t\t\t\t\t\t\t\t\t\t\t<\/div>\n\t\t\t\t\t\t<\/div>\n\t\t\t\t<\/div>\n\t\t\t\t<div class=\"elementor-element elementor-element-965cdb1 elementor-widget elementor-widget-heading\" data-id=\"965cdb1\" data-element_type=\"widget\" data-widget_type=\"heading.default\">\n\t\t\t\t<div class=\"elementor-widget-container\">\n\t\t\t<p class=\"elementor-heading-title elementor-size-default\">Utcasepr\u0151<br> TUCHEL PROFI CHAMP<\/p>\t\t<\/div>\n\t\t\t\t<\/div>\n\t\t\t\t<div class=\"elementor-element elementor-element-726d17b elementor-align-justify elementor-widget elementor-widget-button\" data-id=\"726d17b\" data-element_type=\"widget\" data-widget_type=\"button.default\">\n\t\t\t\t<div class=\"elementor-widget-container\">\n\t\t\t\t\t<div class=\"elementor-button-wrapper\">\n\t\t\t<a href=\"https:\/\/convar.ro\/hu\/utcasepro-tuchel-profi-champ\" class=\"elementor-button-link elementor-button elementor-size-md\" role=\"button\">\n\t\t\t\t\t\t<span class=\"elementor-button-content-wrapper\">\n\t\t\t\t\t\t<span class=\"elementor-button-text\">tudjon meg t\u00f6bbet<\/span>\n\t\t<\/span>\n\t\t\t\t\t<\/a>\n\t\t<\/div>\n\t\t\t\t<\/div>\n\t\t\t\t<\/div>\n\t\t\t\t\t\t<\/div>\n\t\t\t\t\t<\/div>\n\t\t<\/div>\n\t\t\t\t<div class=\"elementor-column elementor-col-33 elementor-inner-column elementor-element elementor-element-13e663e\" data-id=\"13e663e\" data-element_type=\"column\" data-settings=\"{&quot;background_background&quot;:&quot;classic&quot;}\">\n\t\t\t<div class=\"elementor-column-wrap elementor-element-populated\">\n\t\t\t\t\t\t\t<div class=\"elementor-widget-wrap\">\n\t\t\t\t\t\t<div class=\"elementor-element elementor-element-5ac0ac7 elementor-widget elementor-widget-image\" data-id=\"5ac0ac7\" data-element_type=\"widget\" data-widget_type=\"image.default\">\n\t\t\t\t<div class=\"elementor-widget-container\">\n\t\t\t\t\t\t\t\t<div class=\"elementor-image\">\n\t\t\t\t\t\t\t\t\t\t\t\t<img loading=\"lazy\" decoding=\"async\" width=\"387\" height=\"291\" src=\"https:\/\/convar.ro\/hu\/wp-content\/uploads\/2022\/05\/1-2-3.jpg\" class=\"elementor-animation-grow attachment-large size-large\" alt=\"\" srcset=\"https:\/\/convar.ro\/hu\/wp-content\/uploads\/2022\/05\/1-2-3.jpg 387w, https:\/\/convar.ro\/hu\/wp-content\/uploads\/2022\/05\/1-2-3-300x226.jpg 300w, https:\/\/convar.ro\/hu\/wp-content\/uploads\/2022\/05\/1-2-3-72x54.jpg 72w, https:\/\/convar.ro\/hu\/wp-content\/uploads\/2022\/05\/1-2-3-64x48.jpg 64w\" sizes=\"auto, (max-width: 387px) 100vw, 387px\" \/>\t\t\t\t\t\t\t\t\t\t\t\t\t\t<\/div>\n\t\t\t\t\t\t<\/div>\n\t\t\t\t<\/div>\n\t\t\t\t<div class=\"elementor-element elementor-element-4cefcc0 elementor-widget elementor-widget-heading\" data-id=\"4cefcc0\" data-element_type=\"widget\" data-widget_type=\"heading.default\">\n\t\t\t\t<div class=\"elementor-widget-container\">\n\t\t\t<p class=\"elementor-heading-title elementor-size-default\">Utcasepr\u0151<br> TUCHEL PROFI GIGANT<\/p>\t\t<\/div>\n\t\t\t\t<\/div>\n\t\t\t\t<div class=\"elementor-element elementor-element-a30d036 elementor-align-justify elementor-widget elementor-widget-button\" data-id=\"a30d036\" data-element_type=\"widget\" data-widget_type=\"button.default\">\n\t\t\t\t<div class=\"elementor-widget-container\">\n\t\t\t\t\t<div class=\"elementor-button-wrapper\">\n\t\t\t<a href=\"https:\/\/convar.ro\/hu\/utcasepro-tuchel-profi-gigant\" class=\"elementor-button-link elementor-button elementor-size-md\" role=\"button\">\n\t\t\t\t\t\t<span class=\"elementor-button-content-wrapper\">\n\t\t\t\t\t\t<span class=\"elementor-button-text\">tudjon meg t\u00f6bbet<\/span>\n\t\t<\/span>\n\t\t\t\t\t<\/a>\n\t\t<\/div>\n\t\t\t\t<\/div>\n\t\t\t\t<\/div>\n\t\t\t\t\t\t<\/div>\n\t\t\t\t\t<\/div>\n\t\t<\/div>\n\t\t\t\t<div class=\"elementor-column elementor-col-33 elementor-inner-column elementor-element elementor-element-80c508a\" data-id=\"80c508a\" data-element_type=\"column\" data-settings=\"{&quot;background_background&quot;:&quot;classic&quot;}\">\n\t\t\t<div class=\"elementor-column-wrap elementor-element-populated\">\n\t\t\t\t\t\t\t<div class=\"elementor-widget-wrap\">\n\t\t\t\t\t\t<div class=\"elementor-element elementor-element-b257774 elementor-widget elementor-widget-image\" data-id=\"b257774\" data-element_type=\"widget\" data-widget_type=\"image.default\">\n\t\t\t\t<div class=\"elementor-widget-container\">\n\t\t\t\t\t\t\t\t<div class=\"elementor-image\">\n\t\t\t\t\t\t\t\t\t\t\t\t<img loading=\"lazy\" decoding=\"async\" width=\"387\" height=\"291\" src=\"https:\/\/convar.ro\/hu\/wp-content\/uploads\/2022\/03\/1-4.jpg\" class=\"elementor-animation-grow attachment-large size-large\" alt=\"\" srcset=\"https:\/\/convar.ro\/hu\/wp-content\/uploads\/2022\/03\/1-4.jpg 387w, https:\/\/convar.ro\/hu\/wp-content\/uploads\/2022\/03\/1-4-300x226.jpg 300w, https:\/\/convar.ro\/hu\/wp-content\/uploads\/2022\/03\/1-4-72x54.jpg 72w, https:\/\/convar.ro\/hu\/wp-content\/uploads\/2022\/03\/1-4-64x48.jpg 64w\" sizes=\"auto, (max-width: 387px) 100vw, 387px\" \/>\t\t\t\t\t\t\t\t\t\t\t\t\t\t<\/div>\n\t\t\t\t\t\t<\/div>\n\t\t\t\t<\/div>\n\t\t\t\t<div class=\"elementor-element elementor-element-582a6cd elementor-widget elementor-widget-heading\" data-id=\"582a6cd\" data-element_type=\"widget\" data-widget_type=\"heading.default\">\n\t\t\t\t<div class=\"elementor-widget-container\">\n\t\t\t<p class=\"elementor-heading-title elementor-size-default\">SOLO \u00fatsepr\u0151 fix t\u00e9glalap alak\u00fa kef\u00e9vel<\/p>\t\t<\/div>\n\t\t\t\t<\/div>\n\t\t\t\t<div class=\"elementor-element elementor-element-108b6df elementor-align-justify elementor-widget elementor-widget-button\" data-id=\"108b6df\" data-element_type=\"widget\" data-widget_type=\"button.default\">\n\t\t\t\t<div class=\"elementor-widget-container\">\n\t\t\t\t\t<div class=\"elementor-button-wrapper\">\n\t\t\t<a href=\"https:\/\/convar.ro\/hu\/solo-utsepro-fix-teglalap-alaku-kefevel\" class=\"elementor-button-link elementor-button elementor-size-md\" role=\"button\">\n\t\t\t\t\t\t<span class=\"elementor-button-content-wrapper\">\n\t\t\t\t\t\t<span class=\"elementor-button-text\">tudjon meg t\u00f6bbet<\/span>\n\t\t<\/span>\n\t\t\t\t\t<\/a>\n\t\t<\/div>\n\t\t\t\t<\/div>\n\t\t\t\t<\/div>\n\t\t\t\t\t\t<\/div>\n\t\t\t\t\t<\/div>\n\t\t<\/div>\n\t\t\t\t\t\t\t\t<\/div>\n\t\t\t\t\t<\/div>\n\t\t<\/section>\n\t\t\t\t\t\t<\/div>\n\t\t\t\t\t<\/div>\n\t\t<\/div>\n\t\t\t\t\t\t\t\t<\/div>\n\t\t\t\t\t<\/div>\n\t\t<\/section>\n\t\t\t\t\t\t<\/div>\n\t\t\t\t\t\t<\/div>\n\t\t\t\t\t<\/div>\n\t\t","protected":false},"excerpt":{"rendered":"<p>\u00daTSEPR\u0150K Utcasepr\u0151 TUCHEL PLUS 590 tudjon meg t\u00f6bbet Utcasepr\u0151 TUCHEL ECO PRO tudjon meg t\u00f6bbet Utcasepr\u0151 TUCHEL PROFI 660 tudjon meg t\u00f6bbet Utcasepr\u0151 TUCHEL PROFI CHAMP tudjon meg t\u00f6bbet Utcasepr\u0151 TUCHEL PROFI GIGANT tudjon meg t\u00f6bbet SOLO \u00fatsepr\u0151 fix t\u00e9glalap alak\u00fa kef\u00e9vel tudjon meg t\u00f6bbet<\/p>\n","protected":false},"author":1,"featured_media":0,"parent":0,"menu_order":0,"comment_status":"closed","ping_status":"closed","template":"","meta":{"footnotes":""},"class_list":["post-19308","page","type-page","status-publish","hentry"],"_links":{"self":[{"href":"https:\/\/convar.ro\/hu\/wp-json\/wp\/v2\/pages\/19308","targetHints":{"allow":["GET"]}}],"collection":[{"href":"https:\/\/convar.ro\/hu\/wp-json\/wp\/v2\/pages"}],"about":[{"href":"https:\/\/convar.ro\/hu\/wp-json\/wp\/v2\/types\/page"}],"author":[{"embeddable":true,"href":"https:\/\/convar.ro\/hu\/wp-json\/wp\/v2\/users\/1"}],"replies":[{"embeddable":true,"href":"https:\/\/convar.ro\/hu\/wp-json\/wp\/v2\/comments?post=19308"}],"version-history":[{"count":84,"href":"https:\/\/convar.ro\/hu\/wp-json\/wp\/v2\/pages\/19308\/revisions"}],"predecessor-version":[{"id":21221,"href":"https:\/\/convar.ro\/hu\/wp-json\/wp\/v2\/pages\/19308\/revisions\/21221"}],"wp:attachment":[{"href":"https:\/\/convar.ro\/hu\/wp-json\/wp\/v2\/media?parent=19308"}],"curies":[{"name":"wp","href":"https:\/\/api.w.org\/{rel}","templated":true}]}}