{"id":19280,"date":"2022-03-25T08:32:16","date_gmt":"2022-03-25T08:32:16","guid":{"rendered":"https:\/\/convar.ro\/hu\/?page_id=19280"},"modified":"2022-05-13T09:30:55","modified_gmt":"2022-05-13T09:30:55","slug":"bmjs-traktor","status":"publish","type":"page","link":"https:\/\/convar.ro\/hu\/bmjs-traktor","title":{"rendered":"BMJS traktor"},"content":{"rendered":"\t\t<div data-elementor-type=\"wp-page\" data-elementor-id=\"19280\" class=\"elementor elementor-19280\" data-elementor-settings=\"[]\">\n\t\t\t\t\t\t<div class=\"elementor-inner\">\n\t\t\t\t\t\t\t<div class=\"elementor-section-wrap\">\n\t\t\t\t\t\t\t<section class=\"elementor-section elementor-top-section elementor-element elementor-element-9a5c1c5 elementor-section-boxed elementor-section-height-default elementor-section-height-default\" data-id=\"9a5c1c5\" data-element_type=\"section\" data-settings=\"{&quot;background_background&quot;:&quot;classic&quot;}\">\n\t\t\t\t\t\t<div class=\"elementor-container elementor-column-gap-default\">\n\t\t\t\t\t\t\t<div class=\"elementor-row\">\n\t\t\t\t\t<div class=\"elementor-column elementor-col-100 elementor-top-column elementor-element elementor-element-f34adad\" data-id=\"f34adad\" data-element_type=\"column\">\n\t\t\t<div class=\"elementor-column-wrap elementor-element-populated\">\n\t\t\t\t\t\t\t<div class=\"elementor-widget-wrap\">\n\t\t\t\t\t\t<div class=\"elementor-element elementor-element-9f5dafe elementor-widget elementor-widget-heading\" data-id=\"9f5dafe\" data-element_type=\"widget\" data-widget_type=\"heading.default\">\n\t\t\t\t<div class=\"elementor-widget-container\">\n\t\t\t<h1 class=\"elementor-heading-title elementor-size-default\">BMJS traktor<\/h1>\t\t<\/div>\n\t\t\t\t<\/div>\n\t\t\t\t\t\t<\/div>\n\t\t\t\t\t<\/div>\n\t\t<\/div>\n\t\t\t\t\t\t\t\t<\/div>\n\t\t\t\t\t<\/div>\n\t\t<\/section>\n\t\t\t\t<section class=\"elementor-section elementor-top-section elementor-element elementor-element-52679b8 elementor-section-boxed elementor-section-height-default elementor-section-height-default\" data-id=\"52679b8\" data-element_type=\"section\">\n\t\t\t\t\t\t<div class=\"elementor-container elementor-column-gap-default\">\n\t\t\t\t\t\t\t<div class=\"elementor-row\">\n\t\t\t\t\t<div class=\"elementor-column elementor-col-50 elementor-top-column elementor-element elementor-element-33242f6\" data-id=\"33242f6\" data-element_type=\"column\">\n\t\t\t<div class=\"elementor-column-wrap elementor-element-populated\">\n\t\t\t\t\t\t\t<div class=\"elementor-widget-wrap\">\n\t\t\t\t\t\t<div class=\"elementor-element elementor-element-8630ea1 elementor-widget elementor-widget-image\" data-id=\"8630ea1\" data-element_type=\"widget\" data-widget_type=\"image.default\">\n\t\t\t\t<div class=\"elementor-widget-container\">\n\t\t\t\t\t\t\t\t<div class=\"elementor-image\">\n\t\t\t\t\t\t\t\t\t\t\t\t<img loading=\"lazy\" decoding=\"async\" width=\"960\" height=\"622\" src=\"https:\/\/convar.ro\/hu\/wp-content\/uploads\/2022\/03\/Tractabila-poza-reprezentativa-1024x663.jpg\" class=\"attachment-large size-large\" alt=\"\" srcset=\"https:\/\/convar.ro\/hu\/wp-content\/uploads\/2022\/03\/Tractabila-poza-reprezentativa-1024x663.jpg 1024w, https:\/\/convar.ro\/hu\/wp-content\/uploads\/2022\/03\/Tractabila-poza-reprezentativa-300x194.jpg 300w, https:\/\/convar.ro\/hu\/wp-content\/uploads\/2022\/03\/Tractabila-poza-reprezentativa-768x497.jpg 768w, https:\/\/convar.ro\/hu\/wp-content\/uploads\/2022\/03\/Tractabila-poza-reprezentativa-600x388.jpg 600w, https:\/\/convar.ro\/hu\/wp-content\/uploads\/2022\/03\/Tractabila-poza-reprezentativa-83x54.jpg 83w, https:\/\/convar.ro\/hu\/wp-content\/uploads\/2022\/03\/Tractabila-poza-reprezentativa-64x41.jpg 64w, https:\/\/convar.ro\/hu\/wp-content\/uploads\/2022\/03\/Tractabila-poza-reprezentativa.jpg 1187w\" sizes=\"auto, (max-width: 960px) 100vw, 960px\" \/>\t\t\t\t\t\t\t\t\t\t\t\t\t\t<\/div>\n\t\t\t\t\t\t<\/div>\n\t\t\t\t<\/div>\n\t\t\t\t\t\t<\/div>\n\t\t\t\t\t<\/div>\n\t\t<\/div>\n\t\t\t\t<div class=\"elementor-column elementor-col-50 elementor-top-column elementor-element elementor-element-d45e167\" data-id=\"d45e167\" data-element_type=\"column\">\n\t\t\t<div class=\"elementor-column-wrap elementor-element-populated\">\n\t\t\t\t\t\t\t<div class=\"elementor-widget-wrap\">\n\t\t\t\t\t\t<div class=\"elementor-element elementor-element-a4cf842 elementor-widget elementor-widget-text-editor\" data-id=\"a4cf842\" data-element_type=\"widget\" data-widget_type=\"text-editor.default\">\n\t\t\t\t<div class=\"elementor-widget-container\">\n\t\t\t\t\t\t\t\t<div class=\"elementor-text-editor elementor-clearfix\">\n\t\t\t\t<p>Hasonl\u00f3 tulajdons\u00e1gokkal rendelkezik, mint a teheraut\u00f3 cs\u00fasz\u00e1sg\u00e1tl\u00f3 sz\u00f3r\u00f3fej\u00e9.<\/p><p><strong>A k\u00fcl\u00f6nbs\u00e9gek a k\u00f6vetkez\u0151k:<\/strong><\/p><ul><li>A jumper meghajt\u00e1s\u00e1hoz nincs sz\u00fcks\u00e9g seg\u00e9dker\u00e9kre vagy hidraulikus rendszerrel rendelkez\u0151 seg\u00e9dmotorra.<\/li><li>A hajt\u00e1s a traktor saj\u00e1t rendszer\u00e9b\u0151l k\u00e9sz\u00fcl.<\/li><li>Sararita r\u00f6gz\u00edtve van az el\u0151zetesben.<\/li><\/ul><p>\u00a0<\/p><p><strong>Az ilyen t\u00edpus\u00fa s\u00f3sz\u00f3r\u00f3 haszn\u00e1lat\u00e1nak EL\u0150NYEI:<\/strong><\/p><ul><li>A beszerz\u00e9si k\u00f6lts\u00e9gek alacsonyabbak (ha a kedvezm\u00e9nyezettnek m\u00e1r van saj\u00e1t p\u00f3tkocsija).<\/li><li>Az ut\u00e1nfut\u00f3 eg\u00e9sz \u00e9vben k\u00fcl\u00f6n is haszn\u00e1lhat\u00f3.<\/li><\/ul><p>A cs\u00fasz\u00e1sg\u00e1tl\u00f3 sz\u00f3r\u00f3ter\u00edt\u0151 kapacit\u00e1sa 1,5 m\u00b3-t\u00f3l kezd\u0151dik \u00e9s 0,5 m\u00b3-rel n\u00f6vekszik a kedvezm\u00e9nyezett ig\u00e9nyeit\u0151l \u00e9s a p\u00f3tkocsi kapacit\u00e1s\u00e1t\u00f3l f\u00fcgg\u0151en.<\/p>\t\t\t\t\t<\/div>\n\t\t\t\t\t\t<\/div>\n\t\t\t\t<\/div>\n\t\t\t\t\t\t<\/div>\n\t\t\t\t\t<\/div>\n\t\t<\/div>\n\t\t\t\t\t\t\t\t<\/div>\n\t\t\t\t\t<\/div>\n\t\t<\/section>\n\t\t\t\t<section class=\"elementor-section elementor-top-section elementor-element elementor-element-6ce2675 elementor-section-boxed elementor-section-height-default elementor-section-height-default\" data-id=\"6ce2675\" data-element_type=\"section\">\n\t\t\t\t\t\t<div class=\"elementor-container elementor-column-gap-default\">\n\t\t\t\t\t\t\t<div class=\"elementor-row\">\n\t\t\t\t\t<div class=\"elementor-column elementor-col-33 elementor-top-column elementor-element elementor-element-e80d669 elementor-hidden-tablet elementor-hidden-mobile\" data-id=\"e80d669\" data-element_type=\"column\">\n\t\t\t<div class=\"elementor-column-wrap\">\n\t\t\t\t\t\t\t<div class=\"elementor-widget-wrap\">\n\t\t\t\t\t\t\t\t<\/div>\n\t\t\t\t\t<\/div>\n\t\t<\/div>\n\t\t\t\t<div class=\"elementor-column elementor-col-33 elementor-top-column elementor-element elementor-element-a74c144\" data-id=\"a74c144\" data-element_type=\"column\">\n\t\t\t<div class=\"elementor-column-wrap elementor-element-populated\">\n\t\t\t\t\t\t\t<div class=\"elementor-widget-wrap\">\n\t\t\t\t\t\t<div class=\"elementor-element elementor-element-3541d8f elementor-widget elementor-widget-heading\" data-id=\"3541d8f\" data-element_type=\"widget\" data-widget_type=\"heading.default\">\n\t\t\t\t<div class=\"elementor-widget-container\">\n\t\t\t<h1 class=\"elementor-heading-title elementor-size-default\">K\u00e9rjen aj\u00e1nlatot<\/h1>\t\t<\/div>\n\t\t\t\t<\/div>\n\t\t\t\t<div class=\"elementor-element elementor-element-ef4b8af elementor-widget-divider--view-line elementor-widget elementor-widget-divider\" data-id=\"ef4b8af\" data-element_type=\"widget\" data-widget_type=\"divider.default\">\n\t\t\t\t<div class=\"elementor-widget-container\">\n\t\t\t\t\t<div class=\"elementor-divider\">\n\t\t\t<span class=\"elementor-divider-separator\">\n\t\t\t\t\t\t<\/span>\n\t\t<\/div>\n\t\t\t\t<\/div>\n\t\t\t\t<\/div>\n\t\t\t\t<div class=\"elementor-element elementor-element-9700809 elementor-button-align-stretch elementor-widget elementor-widget-form\" data-id=\"9700809\" data-element_type=\"widget\" data-settings=\"{&quot;step_next_label&quot;:&quot;Next&quot;,&quot;step_previous_label&quot;:&quot;Previous&quot;,&quot;button_width&quot;:&quot;100&quot;,&quot;step_type&quot;:&quot;number_text&quot;,&quot;step_icon_shape&quot;:&quot;circle&quot;}\" data-widget_type=\"form.default\">\n\t\t\t\t<div class=\"elementor-widget-container\">\n\t\t\t\t\t<form class=\"elementor-form\" method=\"post\" name=\"New Form\">\n\t\t\t<input type=\"hidden\" name=\"post_id\" value=\"19280\"\/>\n\t\t\t<input type=\"hidden\" name=\"form_id\" value=\"9700809\"\/>\n\t\t\t<input type=\"hidden\" name=\"referer_title\" value=\"\" \/>\n\n\t\t\t\n\t\t\t<div class=\"elementor-form-fields-wrapper elementor-labels-above\">\n\t\t\t\t\t\t\t\t<div class=\"elementor-field-type-text elementor-field-group elementor-column elementor-field-group-name elementor-col-100\">\n\t\t\t\t\t\t\t\t\t\t\t\t\t<input size=\"1\" type=\"text\" name=\"form_fields[name]\" id=\"form-field-name\" class=\"elementor-field elementor-size-sm  elementor-field-textual\" placeholder=\"N\u00e9v\">\n\t\t\t\t\t\t\t\t\t\t\t<\/div>\n\t\t\t\t\t\t\t\t<div class=\"elementor-field-type-tel elementor-field-group elementor-column elementor-field-group-field_c8f943f elementor-col-100 elementor-field-required\">\n\t\t\t\t\t\t\t<input size=\"1\" type=\"tel\" name=\"form_fields[field_c8f943f]\" id=\"form-field-field_c8f943f\" class=\"elementor-field elementor-size-sm  elementor-field-textual\" placeholder=\"Telefon\" required=\"required\" aria-required=\"true\" pattern=\"[0-9()#&amp;+*-=.]+\" title=\"Only numbers and phone characters (#, -, *, etc) are accepted.\">\n\n\t\t\t\t\t\t<\/div>\n\t\t\t\t\t\t\t\t<div class=\"elementor-field-type-email elementor-field-group elementor-column elementor-field-group-email elementor-col-100 elementor-field-required\">\n\t\t\t\t\t\t\t\t\t\t\t\t\t<input size=\"1\" type=\"email\" name=\"form_fields[email]\" id=\"form-field-email\" class=\"elementor-field elementor-size-sm  elementor-field-textual\" placeholder=\"Email\" required=\"required\" aria-required=\"true\">\n\t\t\t\t\t\t\t\t\t\t\t<\/div>\n\t\t\t\t\t\t\t\t<div class=\"elementor-field-type-textarea elementor-field-group elementor-column elementor-field-group-message elementor-col-100\">\n\t\t\t\t\t<textarea class=\"elementor-field-textual elementor-field  elementor-size-sm\" name=\"form_fields[message]\" id=\"form-field-message\" rows=\"4\" placeholder=\"\u00dczenet\"><\/textarea>\t\t\t\t<\/div>\n\t\t\t\t\t\t\t\t<div class=\"elementor-field-type-acceptance elementor-field-group elementor-column elementor-field-group-field_0ca036b elementor-col-100 elementor-field-required\">\n\t\t\t\t\t\t\t<div class=\"elementor-field-subgroup\">\n\t\t\t<span class=\"elementor-field-option\">\n\t\t\t\t<input type=\"checkbox\" name=\"form_fields[field_0ca036b]\" id=\"form-field-field_0ca036b\" class=\"elementor-field elementor-size-sm  elementor-acceptance-field\" required=\"required\" aria-required=\"true\">\n\t\t\t\t<label for=\"form-field-field_0ca036b\">Fogadja el a convar.ro weboldal feldolgoz\u00e1si felt\u00e9teleit<\/label>\t\t\t<\/span>\n\t\t<\/div>\n\t\t\t\t\t\t<\/div>\n\t\t\t\t\t\t\t\t<div class=\"elementor-field-group elementor-column elementor-field-type-submit elementor-col-100 e-form__buttons\">\n\t\t\t\t\t<button type=\"submit\" class=\"elementor-button elementor-size-md\">\n\t\t\t\t\t\t<span >\n\t\t\t\t\t\t\t\t\t\t\t\t\t\t\t<span class=\" elementor-button-icon\">\n\t\t\t\t\t\t\t\t\t\t\t\t\t\t\t\t\t\t\t\t\t\t\t\t\t\t<\/span>\n\t\t\t\t\t\t\t\t\t\t\t\t\t\t\t\t\t\t\t\t\t\t<span class=\"elementor-button-text\">K\u00fcldje el a k\u00e9r\u00e9st<\/span>\n\t\t\t\t\t\t\t\t\t\t\t\t\t<\/span>\n\t\t\t\t\t<\/button>\n\t\t\t\t<\/div>\n\t\t\t<\/div>\n\t\t<\/form>\n\t\t\t\t<\/div>\n\t\t\t\t<\/div>\n\t\t\t\t\t\t<\/div>\n\t\t\t\t\t<\/div>\n\t\t<\/div>\n\t\t\t\t<div class=\"elementor-column elementor-col-33 elementor-top-column elementor-element elementor-element-2dc34ea\" data-id=\"2dc34ea\" data-element_type=\"column\">\n\t\t\t<div class=\"elementor-column-wrap\">\n\t\t\t\t\t\t\t<div class=\"elementor-widget-wrap\">\n\t\t\t\t\t\t\t\t<\/div>\n\t\t\t\t\t<\/div>\n\t\t<\/div>\n\t\t\t\t\t\t\t\t<\/div>\n\t\t\t\t\t<\/div>\n\t\t<\/section>\n\t\t\t\t\t\t<\/div>\n\t\t\t\t\t\t<\/div>\n\t\t\t\t\t<\/div>\n\t\t","protected":false},"excerpt":{"rendered":"<p>BMJS traktor Hasonl\u00f3 tulajdons\u00e1gokkal rendelkezik, mint a teheraut\u00f3 cs\u00fasz\u00e1sg\u00e1tl\u00f3 sz\u00f3r\u00f3fej\u00e9. A k\u00fcl\u00f6nbs\u00e9gek a k\u00f6vetkez\u0151k: A jumper meghajt\u00e1s\u00e1hoz nincs sz\u00fcks\u00e9g seg\u00e9dker\u00e9kre vagy hidraulikus rendszerrel rendelkez\u0151 seg\u00e9dmotorra. A hajt\u00e1s a traktor saj\u00e1t rendszer\u00e9b\u0151l k\u00e9sz\u00fcl. Sararita r\u00f6gz\u00edtve van az el\u0151zetesben. \u00a0 Az ilyen t\u00edpus\u00fa s\u00f3sz\u00f3r\u00f3 haszn\u00e1lat\u00e1nak EL\u0150NYEI: A beszerz\u00e9si k\u00f6lts\u00e9gek alacsonyabbak (ha a kedvezm\u00e9nyezettnek m\u00e1r van saj\u00e1t p\u00f3tkocsija).<\/p>\n<div class=\"klb-readmore entry-button\"><a class=\"button\" href=\"https:\/\/convar.ro\/hu\/bmjs-traktor\">Read More<\/a><\/div>\n","protected":false},"author":1,"featured_media":0,"parent":0,"menu_order":0,"comment_status":"closed","ping_status":"closed","template":"","meta":{"footnotes":""},"class_list":["post-19280","page","type-page","status-publish","hentry"],"_links":{"self":[{"href":"https:\/\/convar.ro\/hu\/wp-json\/wp\/v2\/pages\/19280","targetHints":{"allow":["GET"]}}],"collection":[{"href":"https:\/\/convar.ro\/hu\/wp-json\/wp\/v2\/pages"}],"about":[{"href":"https:\/\/convar.ro\/hu\/wp-json\/wp\/v2\/types\/page"}],"author":[{"embeddable":true,"href":"https:\/\/convar.ro\/hu\/wp-json\/wp\/v2\/users\/1"}],"replies":[{"embeddable":true,"href":"https:\/\/convar.ro\/hu\/wp-json\/wp\/v2\/comments?post=19280"}],"version-history":[{"count":15,"href":"https:\/\/convar.ro\/hu\/wp-json\/wp\/v2\/pages\/19280\/revisions"}],"predecessor-version":[{"id":21296,"href":"https:\/\/convar.ro\/hu\/wp-json\/wp\/v2\/pages\/19280\/revisions\/21296"}],"wp:attachment":[{"href":"https:\/\/convar.ro\/hu\/wp-json\/wp\/v2\/media?parent=19280"}],"curies":[{"name":"wp","href":"https:\/\/api.w.org\/{rel}","templated":true}]}}