{"id":19190,"date":"2022-03-25T07:56:42","date_gmt":"2022-03-25T07:56:42","guid":{"rendered":"https:\/\/convar.ro\/hu\/?page_id=19190"},"modified":"2022-05-13T07:55:39","modified_gmt":"2022-05-13T07:55:39","slug":"ipari-kerekek","status":"publish","type":"page","link":"https:\/\/convar.ro\/hu\/ipari-kerekek","title":{"rendered":"IPARI KEREKEK"},"content":{"rendered":"\t\t<div data-elementor-type=\"wp-page\" data-elementor-id=\"19190\" class=\"elementor elementor-19190\" data-elementor-settings=\"[]\">\n\t\t\t\t\t\t<div class=\"elementor-inner\">\n\t\t\t\t\t\t\t<div class=\"elementor-section-wrap\">\n\t\t\t\t\t\t\t<section class=\"elementor-section elementor-top-section elementor-element elementor-element-9a5c1c5 elementor-section-boxed elementor-section-height-default elementor-section-height-default\" data-id=\"9a5c1c5\" data-element_type=\"section\" data-settings=\"{&quot;background_background&quot;:&quot;classic&quot;}\">\n\t\t\t\t\t\t<div class=\"elementor-container elementor-column-gap-default\">\n\t\t\t\t\t\t\t<div class=\"elementor-row\">\n\t\t\t\t\t<div class=\"elementor-column elementor-col-100 elementor-top-column elementor-element elementor-element-f34adad\" data-id=\"f34adad\" data-element_type=\"column\">\n\t\t\t<div class=\"elementor-column-wrap elementor-element-populated\">\n\t\t\t\t\t\t\t<div class=\"elementor-widget-wrap\">\n\t\t\t\t\t\t<div class=\"elementor-element elementor-element-9f5dafe elementor-widget elementor-widget-heading\" data-id=\"9f5dafe\" data-element_type=\"widget\" data-widget_type=\"heading.default\">\n\t\t\t\t<div class=\"elementor-widget-container\">\n\t\t\t<h1 class=\"elementor-heading-title elementor-size-default\">IPARI KEREKEK<\/h1>\t\t<\/div>\n\t\t\t\t<\/div>\n\t\t\t\t\t\t<\/div>\n\t\t\t\t\t<\/div>\n\t\t<\/div>\n\t\t\t\t\t\t\t\t<\/div>\n\t\t\t\t\t<\/div>\n\t\t<\/section>\n\t\t\t\t<section class=\"elementor-section elementor-top-section elementor-element elementor-element-52679b8 elementor-section-boxed elementor-section-height-default elementor-section-height-default\" data-id=\"52679b8\" data-element_type=\"section\">\n\t\t\t\t\t\t<div class=\"elementor-container elementor-column-gap-default\">\n\t\t\t\t\t\t\t<div class=\"elementor-row\">\n\t\t\t\t\t<div class=\"elementor-column elementor-col-50 elementor-top-column elementor-element elementor-element-33242f6\" data-id=\"33242f6\" data-element_type=\"column\">\n\t\t\t<div class=\"elementor-column-wrap elementor-element-populated\">\n\t\t\t\t\t\t\t<div class=\"elementor-widget-wrap\">\n\t\t\t\t\t\t<div class=\"elementor-element elementor-element-4776e84 elementor-widget elementor-widget-gallery\" data-id=\"4776e84\" data-element_type=\"widget\" data-settings=\"{&quot;gallery_layout&quot;:&quot;justified&quot;,&quot;ideal_row_height&quot;:{&quot;unit&quot;:&quot;px&quot;,&quot;size&quot;:178,&quot;sizes&quot;:[]},&quot;gap&quot;:{&quot;unit&quot;:&quot;px&quot;,&quot;size&quot;:8,&quot;sizes&quot;:[]},&quot;ideal_row_height_tablet&quot;:{&quot;unit&quot;:&quot;px&quot;,&quot;size&quot;:150,&quot;sizes&quot;:[]},&quot;ideal_row_height_mobile&quot;:{&quot;unit&quot;:&quot;px&quot;,&quot;size&quot;:150,&quot;sizes&quot;:[]},&quot;gap_tablet&quot;:{&quot;unit&quot;:&quot;px&quot;,&quot;size&quot;:10,&quot;sizes&quot;:[]},&quot;gap_mobile&quot;:{&quot;unit&quot;:&quot;px&quot;,&quot;size&quot;:10,&quot;sizes&quot;:[]},&quot;link_to&quot;:&quot;file&quot;,&quot;overlay_background&quot;:&quot;yes&quot;,&quot;content_hover_animation&quot;:&quot;fade-in&quot;}\" data-widget_type=\"gallery.default\">\n\t\t\t\t<div class=\"elementor-widget-container\">\n\t\t\t\t\t<div class=\"elementor-gallery__container\">\n\t\t\t\t\t\t\t<a class=\"e-gallery-item elementor-gallery-item elementor-animated-content\" href=\"https:\/\/convar.ro\/hu\/wp-content\/uploads\/2022\/04\/WhatsApp-Image-2022-04-16-at-15.42.22_crop.jpeg\" data-elementor-open-lightbox=\"yes\" data-elementor-lightbox-slideshow=\"all-4776e84\" data-elementor-lightbox-title=\"WhatsApp Image 2022-04-16 at 15.42.22_crop\">\n\t\t\t\t\t<div class=\"e-gallery-image elementor-gallery-item__image\" data-thumbnail=\"https:\/\/convar.ro\/hu\/wp-content\/uploads\/2022\/04\/WhatsApp-Image-2022-04-16-at-15.42.22_crop.jpeg\" data-width=\"1485\" data-height=\"1432\" alt=\"\" ><\/div>\n\t\t\t\t\t\t\t\t\t\t\t<div class=\"elementor-gallery-item__overlay\"><\/div>\n\t\t\t\t\t\t\t\t\t\t\t\t\t\t<\/a>\n\t\t\t\t\t\t\t<a class=\"e-gallery-item elementor-gallery-item elementor-animated-content\" href=\"https:\/\/convar.ro\/hu\/wp-content\/uploads\/2022\/03\/ROATA-INDUSTRIALA-250x60_2.jpg\" data-elementor-open-lightbox=\"yes\" data-elementor-lightbox-slideshow=\"all-4776e84\" data-elementor-lightbox-title=\"ROATA-INDUSTRIALA-250x60_2\">\n\t\t\t\t\t<div class=\"e-gallery-image elementor-gallery-item__image\" data-thumbnail=\"https:\/\/convar.ro\/hu\/wp-content\/uploads\/2022\/03\/ROATA-INDUSTRIALA-250x60_2.jpg\" data-width=\"1027\" data-height=\"768\" alt=\"\" ><\/div>\n\t\t\t\t\t\t\t\t\t\t\t<div class=\"elementor-gallery-item__overlay\"><\/div>\n\t\t\t\t\t\t\t\t\t\t\t\t\t\t<\/a>\n\t\t\t\t\t\t\t<a class=\"e-gallery-item elementor-gallery-item elementor-animated-content\" href=\"https:\/\/convar.ro\/hu\/wp-content\/uploads\/2022\/05\/IMG_20181108_093000_resized_20220315_114558521.jpg\" data-elementor-open-lightbox=\"yes\" data-elementor-lightbox-slideshow=\"all-4776e84\" data-elementor-lightbox-title=\"IMG_20181108_093000_resized_20220315_114558521\">\n\t\t\t\t\t<div class=\"e-gallery-image elementor-gallery-item__image\" data-thumbnail=\"https:\/\/convar.ro\/hu\/wp-content\/uploads\/2022\/05\/IMG_20181108_093000_resized_20220315_114558521.jpg\" data-width=\"744\" data-height=\"992\" alt=\"\" ><\/div>\n\t\t\t\t\t\t\t\t\t\t\t<div class=\"elementor-gallery-item__overlay\"><\/div>\n\t\t\t\t\t\t\t\t\t\t\t\t\t\t<\/a>\n\t\t\t\t\t\t\t<a class=\"e-gallery-item elementor-gallery-item elementor-animated-content\" href=\"https:\/\/convar.ro\/hu\/wp-content\/uploads\/2022\/05\/IMG_20181108_092938_resized_20220315_115149468.jpg\" data-elementor-open-lightbox=\"yes\" data-elementor-lightbox-slideshow=\"all-4776e84\" data-elementor-lightbox-title=\"IMG_20181108_092938_resized_20220315_115149468\">\n\t\t\t\t\t<div class=\"e-gallery-image elementor-gallery-item__image\" data-thumbnail=\"https:\/\/convar.ro\/hu\/wp-content\/uploads\/2022\/05\/IMG_20181108_092938_resized_20220315_115149468.jpg\" data-width=\"1984\" data-height=\"1488\" alt=\"\" ><\/div>\n\t\t\t\t\t\t\t\t\t\t\t<div class=\"elementor-gallery-item__overlay\"><\/div>\n\t\t\t\t\t\t\t\t\t\t\t\t\t\t<\/a>\n\t\t\t\t\t\t\t<a class=\"e-gallery-item elementor-gallery-item elementor-animated-content\" href=\"https:\/\/convar.ro\/hu\/wp-content\/uploads\/2022\/05\/IMG_20181108_092938_resized_20220315_114558742.jpg\" data-elementor-open-lightbox=\"yes\" data-elementor-lightbox-slideshow=\"all-4776e84\" data-elementor-lightbox-title=\"IMG_20181108_092938_resized_20220315_114558742\">\n\t\t\t\t\t<div class=\"e-gallery-image elementor-gallery-item__image\" data-thumbnail=\"https:\/\/convar.ro\/hu\/wp-content\/uploads\/2022\/05\/IMG_20181108_092938_resized_20220315_114558742.jpg\" data-width=\"992\" data-height=\"744\" alt=\"\" ><\/div>\n\t\t\t\t\t\t\t\t\t\t\t<div class=\"elementor-gallery-item__overlay\"><\/div>\n\t\t\t\t\t\t\t\t\t\t\t\t\t\t<\/a>\n\t\t\t\t\t\t\t<a class=\"e-gallery-item elementor-gallery-item elementor-animated-content\" href=\"https:\/\/convar.ro\/hu\/wp-content\/uploads\/2022\/05\/IMG_20181108_092929_resized_20220315_115149877.jpg\" data-elementor-open-lightbox=\"yes\" data-elementor-lightbox-slideshow=\"all-4776e84\" data-elementor-lightbox-title=\"IMG_20181108_092929_resized_20220315_115149877\">\n\t\t\t\t\t<div class=\"e-gallery-image elementor-gallery-item__image\" data-thumbnail=\"https:\/\/convar.ro\/hu\/wp-content\/uploads\/2022\/05\/IMG_20181108_092929_resized_20220315_115149877.jpg\" data-width=\"1984\" data-height=\"1488\" alt=\"\" ><\/div>\n\t\t\t\t\t\t\t\t\t\t\t<div class=\"elementor-gallery-item__overlay\"><\/div>\n\t\t\t\t\t\t\t\t\t\t\t\t\t\t<\/a>\n\t\t\t\t\t\t\t<a class=\"e-gallery-item elementor-gallery-item elementor-animated-content\" href=\"https:\/\/convar.ro\/hu\/wp-content\/uploads\/2022\/05\/IMG_20181108_092929_resized_20220315_114558954.jpg\" data-elementor-open-lightbox=\"yes\" data-elementor-lightbox-slideshow=\"all-4776e84\" data-elementor-lightbox-title=\"IMG_20181108_092929_resized_20220315_114558954\">\n\t\t\t\t\t<div class=\"e-gallery-image elementor-gallery-item__image\" data-thumbnail=\"https:\/\/convar.ro\/hu\/wp-content\/uploads\/2022\/05\/IMG_20181108_092929_resized_20220315_114558954.jpg\" data-width=\"992\" data-height=\"744\" alt=\"\" ><\/div>\n\t\t\t\t\t\t\t\t\t\t\t<div class=\"elementor-gallery-item__overlay\"><\/div>\n\t\t\t\t\t\t\t\t\t\t\t\t\t\t<\/a>\n\t\t\t\t\t\t\t<a class=\"e-gallery-item elementor-gallery-item elementor-animated-content\" href=\"https:\/\/convar.ro\/hu\/wp-content\/uploads\/2022\/05\/IMG_20181114_135424_resized_20220315_115148492.jpg\" data-elementor-open-lightbox=\"yes\" data-elementor-lightbox-slideshow=\"all-4776e84\" data-elementor-lightbox-title=\"IMG_20181114_135424_resized_20220315_115148492\">\n\t\t\t\t\t<div class=\"e-gallery-image elementor-gallery-item__image\" data-thumbnail=\"https:\/\/convar.ro\/hu\/wp-content\/uploads\/2022\/05\/IMG_20181114_135424_resized_20220315_115148492.jpg\" data-width=\"1984\" data-height=\"1488\" alt=\"\" ><\/div>\n\t\t\t\t\t\t\t\t\t\t\t<div class=\"elementor-gallery-item__overlay\"><\/div>\n\t\t\t\t\t\t\t\t\t\t\t\t\t\t<\/a>\n\t\t\t\t\t\t\t<a class=\"e-gallery-item elementor-gallery-item elementor-animated-content\" href=\"https:\/\/convar.ro\/hu\/wp-content\/uploads\/2022\/05\/IMG_20180905_163557_resized_20220315_115703776.jpg\" data-elementor-open-lightbox=\"yes\" data-elementor-lightbox-slideshow=\"all-4776e84\" data-elementor-lightbox-title=\"IMG_20180905_163557_resized_20220315_115703776\">\n\t\t\t\t\t<div class=\"e-gallery-image elementor-gallery-item__image\" data-thumbnail=\"https:\/\/convar.ro\/hu\/wp-content\/uploads\/2022\/05\/IMG_20180905_163557_resized_20220315_115703776.jpg\" data-width=\"1984\" data-height=\"1488\" alt=\"\" ><\/div>\n\t\t\t\t\t\t\t\t\t\t\t<div class=\"elementor-gallery-item__overlay\"><\/div>\n\t\t\t\t\t\t\t\t\t\t\t\t\t\t<\/a>\n\t\t\t\t\t\t\t<a class=\"e-gallery-item elementor-gallery-item elementor-animated-content\" href=\"https:\/\/convar.ro\/hu\/wp-content\/uploads\/2022\/05\/WhatsApp-Image-2022-05-10-at-18.27.07-1.jpeg\" data-elementor-open-lightbox=\"yes\" data-elementor-lightbox-slideshow=\"all-4776e84\" data-elementor-lightbox-title=\"WhatsApp Image 2022-05-10 at 18.27.07 (1)\">\n\t\t\t\t\t<div class=\"e-gallery-image elementor-gallery-item__image\" data-thumbnail=\"https:\/\/convar.ro\/hu\/wp-content\/uploads\/2022\/05\/WhatsApp-Image-2022-05-10-at-18.27.07-1.jpeg\" data-width=\"2048\" data-height=\"2048\" alt=\"\" ><\/div>\n\t\t\t\t\t\t\t\t\t\t\t<div class=\"elementor-gallery-item__overlay\"><\/div>\n\t\t\t\t\t\t\t\t\t\t\t\t\t\t<\/a>\n\t\t\t\t\t\t\t<a class=\"e-gallery-item elementor-gallery-item elementor-animated-content\" href=\"https:\/\/convar.ro\/hu\/wp-content\/uploads\/2022\/05\/WhatsApp-Image-2022-05-10-at-18.27.07.jpeg\" data-elementor-open-lightbox=\"yes\" data-elementor-lightbox-slideshow=\"all-4776e84\" data-elementor-lightbox-title=\"WhatsApp Image 2022-05-10 at 18.27.07\">\n\t\t\t\t\t<div class=\"e-gallery-image elementor-gallery-item__image\" data-thumbnail=\"https:\/\/convar.ro\/hu\/wp-content\/uploads\/2022\/05\/WhatsApp-Image-2022-05-10-at-18.27.07.jpeg\" data-width=\"2048\" data-height=\"2048\" alt=\"\" ><\/div>\n\t\t\t\t\t\t\t\t\t\t\t<div class=\"elementor-gallery-item__overlay\"><\/div>\n\t\t\t\t\t\t\t\t\t\t\t\t\t\t<\/a>\n\t\t\t\t\t\t\t<a class=\"e-gallery-item elementor-gallery-item elementor-animated-content\" href=\"https:\/\/convar.ro\/hu\/wp-content\/uploads\/2022\/05\/WhatsApp-Image-2022-05-10-at-18.27.08-1.jpeg\" data-elementor-open-lightbox=\"yes\" data-elementor-lightbox-slideshow=\"all-4776e84\" data-elementor-lightbox-title=\"WhatsApp Image 2022-05-10 at 18.27.08 (1)\">\n\t\t\t\t\t<div class=\"e-gallery-image elementor-gallery-item__image\" data-thumbnail=\"https:\/\/convar.ro\/hu\/wp-content\/uploads\/2022\/05\/WhatsApp-Image-2022-05-10-at-18.27.08-1.jpeg\" data-width=\"2048\" data-height=\"2048\" alt=\"\" ><\/div>\n\t\t\t\t\t\t\t\t\t\t\t<div class=\"elementor-gallery-item__overlay\"><\/div>\n\t\t\t\t\t\t\t\t\t\t\t\t\t\t<\/a>\n\t\t\t\t\t\t\t<a class=\"e-gallery-item elementor-gallery-item elementor-animated-content\" href=\"https:\/\/convar.ro\/hu\/wp-content\/uploads\/2022\/05\/WhatsApp-Image-2022-05-10-at-18.27.08-2.jpeg\" data-elementor-open-lightbox=\"yes\" data-elementor-lightbox-slideshow=\"all-4776e84\" data-elementor-lightbox-title=\"WhatsApp Image 2022-05-10 at 18.27.08 (2)\">\n\t\t\t\t\t<div class=\"e-gallery-image elementor-gallery-item__image\" data-thumbnail=\"https:\/\/convar.ro\/hu\/wp-content\/uploads\/2022\/05\/WhatsApp-Image-2022-05-10-at-18.27.08-2.jpeg\" data-width=\"2048\" data-height=\"2048\" alt=\"\" ><\/div>\n\t\t\t\t\t\t\t\t\t\t\t<div class=\"elementor-gallery-item__overlay\"><\/div>\n\t\t\t\t\t\t\t\t\t\t\t\t\t\t<\/a>\n\t\t\t\t\t\t\t<a class=\"e-gallery-item elementor-gallery-item elementor-animated-content\" href=\"https:\/\/convar.ro\/hu\/wp-content\/uploads\/2022\/05\/WhatsApp-Image-2022-05-10-at-18.27.08.jpeg\" data-elementor-open-lightbox=\"yes\" data-elementor-lightbox-slideshow=\"all-4776e84\" data-elementor-lightbox-title=\"WhatsApp Image 2022-05-10 at 18.27.08\">\n\t\t\t\t\t<div class=\"e-gallery-image elementor-gallery-item__image\" data-thumbnail=\"https:\/\/convar.ro\/hu\/wp-content\/uploads\/2022\/05\/WhatsApp-Image-2022-05-10-at-18.27.08.jpeg\" data-width=\"2048\" data-height=\"2048\" alt=\"\" ><\/div>\n\t\t\t\t\t\t\t\t\t\t\t<div class=\"elementor-gallery-item__overlay\"><\/div>\n\t\t\t\t\t\t\t\t\t\t\t\t\t\t<\/a>\n\t\t\t\t\t<\/div>\n\t\t\t<\/div>\n\t\t\t\t<\/div>\n\t\t\t\t\t\t<\/div>\n\t\t\t\t\t<\/div>\n\t\t<\/div>\n\t\t\t\t<div class=\"elementor-column elementor-col-50 elementor-top-column elementor-element elementor-element-d45e167\" data-id=\"d45e167\" data-element_type=\"column\">\n\t\t\t<div class=\"elementor-column-wrap elementor-element-populated\">\n\t\t\t\t\t\t\t<div class=\"elementor-widget-wrap\">\n\t\t\t\t\t\t<div class=\"elementor-element elementor-element-a4cf842 elementor-widget elementor-widget-text-editor\" data-id=\"a4cf842\" data-element_type=\"widget\" data-widget_type=\"text-editor.default\">\n\t\t\t\t<div class=\"elementor-widget-container\">\n\t\t\t\t\t\t\t\t<div class=\"elementor-text-editor elementor-clearfix\">\n\t\t\t\t<p data-fontsize=\"15\" data-lineheight=\"20\"><strong>Ipari kerekek norm\u00e1l sepr\u0151g\u00e9pekhez \u00e9s h\u00f3lap\u00e1tokhoz.<\/strong><\/p><p data-fontsize=\"15\" data-lineheight=\"20\">A kerekek \u00f6nbe\u00e1ll\u00f3 vill\u00e1val vagy an\u00e9lk\u00fcl is vez\u00e9relhet\u0151k.<\/p><p data-fontsize=\"15\" data-lineheight=\"20\"><strong>M\u00e9ret:<\/strong><\/p><p data-fontsize=\"15\" data-lineheight=\"20\">100\/45<\/p><p data-fontsize=\"15\" data-lineheight=\"20\">125\/50<\/p><p data-fontsize=\"15\" data-lineheight=\"20\">200\/50<\/p><p data-fontsize=\"15\" data-lineheight=\"20\">250\/60<\/p><p data-fontsize=\"15\" data-lineheight=\"20\">250\/80<\/p><p data-fontsize=\"15\" data-lineheight=\"20\">K\u00e9r\u00e9sre m\u00e1s m\u00e9ret\u0171 \u00e9s t\u00edpus\u00fa ipari kerekeket is tudunk sz\u00e1ll\u00edtani.<\/p>\t\t\t\t\t<\/div>\n\t\t\t\t\t\t<\/div>\n\t\t\t\t<\/div>\n\t\t\t\t\t\t<\/div>\n\t\t\t\t\t<\/div>\n\t\t<\/div>\n\t\t\t\t\t\t\t\t<\/div>\n\t\t\t\t\t<\/div>\n\t\t<\/section>\n\t\t\t\t<section class=\"elementor-section elementor-top-section elementor-element elementor-element-ea7654d elementor-section-boxed elementor-section-height-default elementor-section-height-default\" data-id=\"ea7654d\" data-element_type=\"section\">\n\t\t\t\t\t\t<div class=\"elementor-container elementor-column-gap-default\">\n\t\t\t\t\t\t\t<div class=\"elementor-row\">\n\t\t\t\t\t<div class=\"elementor-column elementor-col-33 elementor-top-column elementor-element elementor-element-22c7965 elementor-hidden-tablet elementor-hidden-mobile\" data-id=\"22c7965\" data-element_type=\"column\">\n\t\t\t<div class=\"elementor-column-wrap\">\n\t\t\t\t\t\t\t<div class=\"elementor-widget-wrap\">\n\t\t\t\t\t\t\t\t<\/div>\n\t\t\t\t\t<\/div>\n\t\t<\/div>\n\t\t\t\t<div class=\"elementor-column elementor-col-33 elementor-top-column elementor-element elementor-element-e0ba985\" data-id=\"e0ba985\" data-element_type=\"column\">\n\t\t\t<div class=\"elementor-column-wrap elementor-element-populated\">\n\t\t\t\t\t\t\t<div class=\"elementor-widget-wrap\">\n\t\t\t\t\t\t<div class=\"elementor-element elementor-element-997244b elementor-widget elementor-widget-heading\" data-id=\"997244b\" data-element_type=\"widget\" data-widget_type=\"heading.default\">\n\t\t\t\t<div class=\"elementor-widget-container\">\n\t\t\t<h1 class=\"elementor-heading-title elementor-size-default\">K\u00e9rjen aj\u00e1nlatot<\/h1>\t\t<\/div>\n\t\t\t\t<\/div>\n\t\t\t\t<div class=\"elementor-element elementor-element-3b30b48 elementor-widget-divider--view-line elementor-widget elementor-widget-divider\" data-id=\"3b30b48\" data-element_type=\"widget\" data-widget_type=\"divider.default\">\n\t\t\t\t<div class=\"elementor-widget-container\">\n\t\t\t\t\t<div class=\"elementor-divider\">\n\t\t\t<span class=\"elementor-divider-separator\">\n\t\t\t\t\t\t<\/span>\n\t\t<\/div>\n\t\t\t\t<\/div>\n\t\t\t\t<\/div>\n\t\t\t\t<div class=\"elementor-element elementor-element-64c54f8 elementor-button-align-stretch elementor-widget elementor-widget-form\" data-id=\"64c54f8\" data-element_type=\"widget\" data-settings=\"{&quot;step_next_label&quot;:&quot;Next&quot;,&quot;step_previous_label&quot;:&quot;Previous&quot;,&quot;button_width&quot;:&quot;100&quot;,&quot;step_type&quot;:&quot;number_text&quot;,&quot;step_icon_shape&quot;:&quot;circle&quot;}\" data-widget_type=\"form.default\">\n\t\t\t\t<div class=\"elementor-widget-container\">\n\t\t\t\t\t<form class=\"elementor-form\" method=\"post\" name=\"New Form\">\n\t\t\t<input type=\"hidden\" name=\"post_id\" value=\"19190\"\/>\n\t\t\t<input type=\"hidden\" name=\"form_id\" value=\"64c54f8\"\/>\n\t\t\t<input type=\"hidden\" name=\"referer_title\" value=\"\" \/>\n\n\t\t\t\n\t\t\t<div class=\"elementor-form-fields-wrapper elementor-labels-above\">\n\t\t\t\t\t\t\t\t<div class=\"elementor-field-type-text elementor-field-group elementor-column elementor-field-group-name elementor-col-100\">\n\t\t\t\t\t\t\t\t\t\t\t\t\t<input size=\"1\" type=\"text\" name=\"form_fields[name]\" id=\"form-field-name\" class=\"elementor-field elementor-size-sm  elementor-field-textual\" placeholder=\"N\u00e9v\">\n\t\t\t\t\t\t\t\t\t\t\t<\/div>\n\t\t\t\t\t\t\t\t<div class=\"elementor-field-type-tel elementor-field-group elementor-column elementor-field-group-field_c8f943f elementor-col-100 elementor-field-required\">\n\t\t\t\t\t\t\t<input size=\"1\" type=\"tel\" name=\"form_fields[field_c8f943f]\" id=\"form-field-field_c8f943f\" class=\"elementor-field elementor-size-sm  elementor-field-textual\" placeholder=\"Telefon\" required=\"required\" aria-required=\"true\" pattern=\"[0-9()#&amp;+*-=.]+\" title=\"Only numbers and phone characters (#, -, *, etc) are accepted.\">\n\n\t\t\t\t\t\t<\/div>\n\t\t\t\t\t\t\t\t<div class=\"elementor-field-type-email elementor-field-group elementor-column elementor-field-group-email elementor-col-100 elementor-field-required\">\n\t\t\t\t\t\t\t\t\t\t\t\t\t<input size=\"1\" type=\"email\" name=\"form_fields[email]\" id=\"form-field-email\" class=\"elementor-field elementor-size-sm  elementor-field-textual\" placeholder=\"Email\" required=\"required\" aria-required=\"true\">\n\t\t\t\t\t\t\t\t\t\t\t<\/div>\n\t\t\t\t\t\t\t\t<div class=\"elementor-field-type-textarea elementor-field-group elementor-column elementor-field-group-message elementor-col-100\">\n\t\t\t\t\t<textarea class=\"elementor-field-textual elementor-field  elementor-size-sm\" name=\"form_fields[message]\" id=\"form-field-message\" rows=\"4\" placeholder=\"\u00dczenet\"><\/textarea>\t\t\t\t<\/div>\n\t\t\t\t\t\t\t\t<div class=\"elementor-field-type-acceptance elementor-field-group elementor-column elementor-field-group-field_0ca036b elementor-col-100 elementor-field-required\">\n\t\t\t\t\t\t\t<div class=\"elementor-field-subgroup\">\n\t\t\t<span class=\"elementor-field-option\">\n\t\t\t\t<input type=\"checkbox\" name=\"form_fields[field_0ca036b]\" id=\"form-field-field_0ca036b\" class=\"elementor-field elementor-size-sm  elementor-acceptance-field\" required=\"required\" aria-required=\"true\">\n\t\t\t\t<label for=\"form-field-field_0ca036b\">Fogadja el a convar.ro weboldal feldolgoz\u00e1si felt\u00e9teleit<\/label>\t\t\t<\/span>\n\t\t<\/div>\n\t\t\t\t\t\t<\/div>\n\t\t\t\t\t\t\t\t<div class=\"elementor-field-group elementor-column elementor-field-type-submit elementor-col-100 e-form__buttons\">\n\t\t\t\t\t<button type=\"submit\" class=\"elementor-button elementor-size-md\">\n\t\t\t\t\t\t<span >\n\t\t\t\t\t\t\t\t\t\t\t\t\t\t\t<span class=\" elementor-button-icon\">\n\t\t\t\t\t\t\t\t\t\t\t\t\t\t\t\t\t\t\t\t\t\t\t\t\t\t<\/span>\n\t\t\t\t\t\t\t\t\t\t\t\t\t\t\t\t\t\t\t\t\t\t<span class=\"elementor-button-text\">K\u00fcldje el a k\u00e9r\u00e9st<\/span>\n\t\t\t\t\t\t\t\t\t\t\t\t\t<\/span>\n\t\t\t\t\t<\/button>\n\t\t\t\t<\/div>\n\t\t\t<\/div>\n\t\t<\/form>\n\t\t\t\t<\/div>\n\t\t\t\t<\/div>\n\t\t\t\t\t\t<\/div>\n\t\t\t\t\t<\/div>\n\t\t<\/div>\n\t\t\t\t<div class=\"elementor-column elementor-col-33 elementor-top-column elementor-element elementor-element-ae69bde\" data-id=\"ae69bde\" data-element_type=\"column\">\n\t\t\t<div class=\"elementor-column-wrap\">\n\t\t\t\t\t\t\t<div class=\"elementor-widget-wrap\">\n\t\t\t\t\t\t\t\t<\/div>\n\t\t\t\t\t<\/div>\n\t\t<\/div>\n\t\t\t\t\t\t\t\t<\/div>\n\t\t\t\t\t<\/div>\n\t\t<\/section>\n\t\t\t\t\t\t<\/div>\n\t\t\t\t\t\t<\/div>\n\t\t\t\t\t<\/div>\n\t\t","protected":false},"excerpt":{"rendered":"<p>IPARI KEREKEK Ipari kerekek norm\u00e1l sepr\u0151g\u00e9pekhez \u00e9s h\u00f3lap\u00e1tokhoz. A kerekek \u00f6nbe\u00e1ll\u00f3 vill\u00e1val vagy an\u00e9lk\u00fcl is vez\u00e9relhet\u0151k. M\u00e9ret: 100\/45 125\/50 200\/50 250\/60 250\/80 K\u00e9r\u00e9sre m\u00e1s m\u00e9ret\u0171 \u00e9s t\u00edpus\u00fa ipari kerekeket is tudunk sz\u00e1ll\u00edtani. K\u00e9rjen aj\u00e1nlatot<\/p>\n","protected":false},"author":1,"featured_media":0,"parent":0,"menu_order":0,"comment_status":"closed","ping_status":"closed","template":"","meta":{"footnotes":""},"class_list":["post-19190","page","type-page","status-publish","hentry"],"_links":{"self":[{"href":"https:\/\/convar.ro\/hu\/wp-json\/wp\/v2\/pages\/19190","targetHints":{"allow":["GET"]}}],"collection":[{"href":"https:\/\/convar.ro\/hu\/wp-json\/wp\/v2\/pages"}],"about":[{"href":"https:\/\/convar.ro\/hu\/wp-json\/wp\/v2\/types\/page"}],"author":[{"embeddable":true,"href":"https:\/\/convar.ro\/hu\/wp-json\/wp\/v2\/users\/1"}],"replies":[{"embeddable":true,"href":"https:\/\/convar.ro\/hu\/wp-json\/wp\/v2\/comments?post=19190"}],"version-history":[{"count":42,"href":"https:\/\/convar.ro\/hu\/wp-json\/wp\/v2\/pages\/19190\/revisions"}],"predecessor-version":[{"id":21116,"href":"https:\/\/convar.ro\/hu\/wp-json\/wp\/v2\/pages\/19190\/revisions\/21116"}],"wp:attachment":[{"href":"https:\/\/convar.ro\/hu\/wp-json\/wp\/v2\/media?parent=19190"}],"curies":[{"name":"wp","href":"https:\/\/api.w.org\/{rel}","templated":true}]}}